{"id":3749,"date":"2021-03-25T12:16:49","date_gmt":"2021-03-25T12:16:49","guid":{"rendered":"https:\/\/gabrielkakelugnar.com\/sa-fungerar-en-kakelugn\/"},"modified":"2022-06-20T07:24:40","modified_gmt":"2022-06-20T07:24:40","slug":"so-funktioniert-ein-kachelofen","status":"publish","type":"page","link":"https:\/\/gabrielkakelugnar.com\/de\/so-funktioniert-ein-kachelofen\/","title":{"rendered":"So funktioniert ein kachelofen"},"content":{"rendered":"[vc_row type=&#8220;full_width_content&#8220; full_screen_row_position=&#8220;middle&#8220; column_margin=&#8220;default&#8220; column_direction=&#8220;default&#8220; column_direction_tablet=&#8220;default&#8220; column_direction_phone=&#8220;default&#8220; scene_position=&#8220;center&#8220; text_color=&#8220;dark&#8220; text_align=&#8220;left&#8220; row_border_radius=&#8220;none&#8220; row_border_radius_applies=&#8220;bg&#8220; overlay_strength=&#8220;0.3&#8243; gradient_direction=&#8220;left_to_right&#8220; shape_divider_position=&#8220;bottom&#8220; bg_image_animation=&#8220;none&#8220; shape_type=&#8220;&#8220;][vc_column column_padding=&#8220;no-extra-padding&#8220; column_padding_tablet=&#8220;inherit&#8220; column_padding_phone=&#8220;inherit&#8220; column_padding_position=&#8220;all&#8220; column_element_spacing=&#8220;default&#8220; background_color_opacity=&#8220;1&#8243; background_hover_color_opacity=&#8220;1&#8243; column_shadow=&#8220;none&#8220; column_border_radius=&#8220;none&#8220; column_link_target=&#8220;_self&#8220; gradient_direction=&#8220;left_to_right&#8220; overlay_strength=&#8220;0.3&#8243; width=&#8220;1\/1&#8243; tablet_width_inherit=&#8220;default&#8220; tablet_text_alignment=&#8220;default&#8220; phone_text_alignment=&#8220;default&#8220; bg_image_animation=&#8220;none&#8220; border_type=&#8220;simple&#8220; column_border_width=&#8220;none&#8220; column_border_style=&#8220;solid&#8220;][image_with_animation image_url=&#8220;1021&#8243; animation=&#8220;Fade In&#8220; hover_animation=&#8220;none&#8220; alignment=&#8220;&#8220; border_radius=&#8220;none&#8220; box_shadow=&#8220;none&#8220; image_loading=&#8220;default&#8220; max_width=&#8220;100%&#8220; max_width_mobile=&#8220;default&#8220;][\/vc_column][\/vc_row][vc_row type=&#8220;in_container&#8220; full_screen_row_position=&#8220;middle&#8220; column_margin=&#8220;default&#8220; column_direction=&#8220;default&#8220; column_direction_tablet=&#8220;default&#8220; column_direction_phone=&#8220;default&#8220; scene_position=&#8220;center&#8220; text_color=&#8220;dark&#8220; text_align=&#8220;left&#8220; row_border_radius=&#8220;none&#8220; row_border_radius_applies=&#8220;bg&#8220; overlay_strength=&#8220;0.3&#8243; gradient_direction=&#8220;left_to_right&#8220; shape_divider_position=&#8220;bottom&#8220; bg_image_animation=&#8220;none&#8220;][vc_column column_padding=&#8220;no-extra-padding&#8220; column_padding_tablet=&#8220;inherit&#8220; column_padding_phone=&#8220;inherit&#8220; column_padding_position=&#8220;all&#8220; column_element_spacing=&#8220;default&#8220; background_color_opacity=&#8220;1&#8243; background_hover_color_opacity=&#8220;1&#8243; column_shadow=&#8220;none&#8220; column_border_radius=&#8220;none&#8220; column_link_target=&#8220;_self&#8220; gradient_direction=&#8220;left_to_right&#8220; overlay_strength=&#8220;0.3&#8243; width=&#8220;1\/6&#8243; tablet_width_inherit=&#8220;default&#8220; tablet_text_alignment=&#8220;default&#8220; phone_text_alignment=&#8220;default&#8220; bg_image_animation=&#8220;none&#8220; border_type=&#8220;simple&#8220; column_border_width=&#8220;none&#8220; column_border_style=&#8220;solid&#8220;][\/vc_column][vc_column column_padding=&#8220;no-extra-padding&#8220; column_padding_tablet=&#8220;inherit&#8220; column_padding_phone=&#8220;inherit&#8220; column_padding_position=&#8220;all&#8220; column_element_spacing=&#8220;default&#8220; background_color_opacity=&#8220;1&#8243; background_hover_color_opacity=&#8220;1&#8243; column_shadow=&#8220;none&#8220; column_border_radius=&#8220;none&#8220; column_link_target=&#8220;_self&#8220; gradient_direction=&#8220;left_to_right&#8220; overlay_strength=&#8220;0.3&#8243; width=&#8220;2\/3&#8243; tablet_width_inherit=&#8220;default&#8220; tablet_text_alignment=&#8220;default&#8220; phone_text_alignment=&#8220;default&#8220; bg_image_animation=&#8220;none&#8220; border_type=&#8220;simple&#8220; column_border_width=&#8220;none&#8220; column_border_style=&#8220;solid&#8220;][divider line_type=&#8220;No Line&#8220; custom_height=&#8220;50&#8243;][image_with_animation image_url=&#8220;1188&#8243; animation=&#8220;Fade In&#8220; hover_animation=&#8220;none&#8220; alignment=&#8220;center&#8220; border_radius=&#8220;none&#8220; box_shadow=&#8220;none&#8220; image_loading=&#8220;default&#8220; max_width=&#8220;100%&#8220; max_width_mobile=&#8220;default&#8220;][vc_custom_heading text=&#8220;SO FUNKTIONIERT EIN KACHELOFEN&#8220; font_container=&#8220;tag:h1|font_size:26|text_align:center|color:%23002561&#8243; use_theme_fonts=&#8220;yes&#8220;][vc_column_text]\n<h4 style=\"text-align: center;\"><span style=\"color: #003366;\">Ein traditioneller schwedischer Kachelofen hat f\u00fcnf Schornsteine mit einer L\u00e4nge von ca. 10 Metern, die Rauchgase steigen zuerst im mittleren Kanal auf, weiter nach unten durch die beiden vorderen Seitenkan\u00e4le, nach oben durch die beiden hinteren Seitenkan\u00e4le, anschlie\u00dfend passieren die Rauchgase den Rauchschieber hinten am Kachelofen und str\u00f6men weiter zum Schornstein.<\/span><\/h4>\n<p style=\"text-align: center;\"><span style=\"color: #003366;\">Wenn die Rauchgase das Kanalsystem passieren, geben sie W\u00e4rme an die Ofenstruktur ab. Die Rauchgase k\u00fchlen ab und der Kachelofen wird beheizt. Der Kachelofen kann zwischen 800 kg und fast 2000 kg wiegen. Die gro\u00dfe Masse speichert die W\u00e4rme und gibt sie noch lange nach Erl\u00f6schen des Feuers langsam an die Umgebung ab.<\/span><\/p>\n[\/vc_column_text][divider line_type=&#8220;No Line&#8220; custom_height=&#8220;20&#8243;][\/vc_column][vc_column column_padding=&#8220;no-extra-padding&#8220; column_padding_tablet=&#8220;inherit&#8220; column_padding_phone=&#8220;inherit&#8220; column_padding_position=&#8220;all&#8220; column_element_spacing=&#8220;default&#8220; background_color_opacity=&#8220;1&#8243; background_hover_color_opacity=&#8220;1&#8243; column_shadow=&#8220;none&#8220; column_border_radius=&#8220;none&#8220; column_link_target=&#8220;_self&#8220; gradient_direction=&#8220;left_to_right&#8220; overlay_strength=&#8220;0.3&#8243; width=&#8220;1\/6&#8243; tablet_width_inherit=&#8220;default&#8220; tablet_text_alignment=&#8220;default&#8220; phone_text_alignment=&#8220;default&#8220; bg_image_animation=&#8220;none&#8220; border_type=&#8220;simple&#8220; column_border_width=&#8220;none&#8220; column_border_style=&#8220;solid&#8220;][\/vc_column][\/vc_row][vc_row type=&#8220;full_width_background&#8220; full_screen_row_position=&#8220;middle&#8220; column_margin=&#8220;default&#8220; column_direction=&#8220;default&#8220; column_direction_tablet=&#8220;default&#8220; column_direction_phone=&#8220;default&#8220; bg_color=&#8220;#d8b97f&#8220; scene_position=&#8220;center&#8220; top_padding=&#8220;8%&#8220; bottom_padding=&#8220;8%&#8220; text_color=&#8220;dark&#8220; text_align=&#8220;left&#8220; row_border_radius=&#8220;none&#8220; row_border_radius_applies=&#8220;bg&#8220; overlay_strength=&#8220;0.3&#8243; gradient_direction=&#8220;left_to_right&#8220; shape_divider_position=&#8220;bottom&#8220; bg_image_animation=&#8220;none&#8220; shape_type=&#8220;&#8220;][vc_column column_padding=&#8220;no-extra-padding&#8220; column_padding_tablet=&#8220;inherit&#8220; column_padding_phone=&#8220;inherit&#8220; column_padding_position=&#8220;all&#8220; column_element_spacing=&#8220;default&#8220; background_color_opacity=&#8220;1&#8243; background_hover_color_opacity=&#8220;1&#8243; column_shadow=&#8220;none&#8220; column_border_radius=&#8220;none&#8220; column_link_target=&#8220;_self&#8220; gradient_direction=&#8220;left_to_right&#8220; overlay_strength=&#8220;0.3&#8243; width=&#8220;1\/1&#8243; tablet_width_inherit=&#8220;default&#8220; tablet_text_alignment=&#8220;default&#8220; phone_text_alignment=&#8220;default&#8220; bg_image_animation=&#8220;none&#8220; border_type=&#8220;simple&#8220; column_border_width=&#8220;none&#8220; column_border_style=&#8220;solid&#8220;][vc_row_inner equal_height=&#8220;yes&#8220; content_placement=&#8220;middle&#8220; column_margin=&#8220;default&#8220; column_direction=&#8220;default&#8220; column_direction_tablet=&#8220;default&#8220; column_direction_phone=&#8220;default&#8220; text_align=&#8220;left&#8220;][vc_column_inner column_padding=&#8220;no-extra-padding&#8220; column_padding_tablet=&#8220;inherit&#8220; column_padding_phone=&#8220;inherit&#8220; column_padding_position=&#8220;all&#8220; column_element_spacing=&#8220;default&#8220; background_color_opacity=&#8220;1&#8243; background_hover_color_opacity=&#8220;1&#8243; column_shadow=&#8220;none&#8220; column_border_radius=&#8220;none&#8220; column_link_target=&#8220;_self&#8220; gradient_direction=&#8220;left_to_right&#8220; overlay_strength=&#8220;0.3&#8243; width=&#8220;1\/2&#8243; tablet_width_inherit=&#8220;default&#8220; bg_image_animation=&#8220;none&#8220; border_type=&#8220;simple&#8220; column_border_width=&#8220;none&#8220; column_border_style=&#8220;solid&#8220;][split_line_heading animation_type=&#8220;default&#8220;]\n<h2><span style=\"color: #003366;\">DIE KACHEL\u00d6FEN VON GABRIEL<\/span><\/h2>\n[\/split_line_heading][vc_column_text css_animation=&#8220;bottom-to-top&#8220; css=&#8220;.vc_custom_1630669657327{margin-top: 15px !important;}&#8220; max_width=&#8220;500&#8243;]\n<h4>Gleiches Prinzip wie 1767, aber modernisierte Konstruktion<\/h4>\n[\/vc_column_text][vc_column_text css_animation=&#8220;bottom-to-top&#8220; css=&#8220;.vc_custom_1630669695533{margin-top: 15px !important;}&#8220; max_width=&#8220;500&#8243;]Unsere Kachel\u00f6fen sind mit einem ausgekl\u00fcgelten Baukastensystem aus feuerfestem und w\u00e4rmespeicherndem Material aufgebaut, bestehend aus einem Innenkern und einem Au\u00dfenmantel, die voneinander getrennt sind. Der Innenkern nimmt einen Gro\u00dfteil der W\u00e4rmeausdehnung auf und d\u00e4mpft die thermischen Bewegungen des Ofens. Die effiziente Kaminkassette und die f\u00fcnfkanalige Konstruktion tragen zu einem au\u00dfergew\u00f6hnlich hohen Wirkungsgrad bei.<\/p>\n<p>Wie bei anderen traditionellen schwedischen Kachel\u00f6fen wird die W\u00e4rme von den Rauchgasen auf das w\u00e4rmespeichernde Material im Ofen \u00fcbertragen. Unsere Kachel\u00f6fen wiegen zwischen 1100 und 1400 kg und speichern die W\u00e4rme, welche nach Erl\u00f6schen des Feuers im Laufe eines Tages gleichm\u00e4\u00dfig und angenehm an den Raum abgegeben wird.<\/p>\n<p>Die handgemachten Kacheln werden direkt an der Au\u00dfenh\u00fclle des Kachelofens angebracht. Dies ist m\u00f6glich, da der Au\u00dfenmantel und der Innenkern mit einem Dehnungsspalt voneinander getrennt sind, um die W\u00e4rmebewegungen des Ofens zu minimieren.<\/p>\n<p>Die moderne Heizkassette ist mit einer gro\u00dfen Glast\u00fcr ausgestattet, die f\u00fcr mehr Wohlbefinden sorgt. Die Luftsp\u00fclung h\u00e4lt das Glas im Inneren sauberer und wirkt der Ru\u00dfbildung entgegen. Durch die ventilatorgesteuerte Direktw\u00e4rme ist es m\u00f6glich, kalte Luft in den Kan\u00e4len der Heizkassette zu erw\u00e4rmen und die W\u00e4rme effizient im Raum zu verteilen.<\/p>\n<p>Der Anschluss an den Schornstein erfolgt entweder nach oben oder nach hinten.<br \/>\n[\/vc_column_text][\/vc_column_inner][vc_column_inner column_padding=&#8220;no-extra-padding&#8220; column_padding_tablet=&#8220;inherit&#8220; column_padding_phone=&#8220;inherit&#8220; column_padding_position=&#8220;all&#8220; column_element_spacing=&#8220;default&#8220; background_color_opacity=&#8220;1&#8243; background_hover_color_opacity=&#8220;1&#8243; column_shadow=&#8220;none&#8220; column_border_radius=&#8220;none&#8220; column_link_target=&#8220;_self&#8220; gradient_direction=&#8220;left_to_right&#8220; overlay_strength=&#8220;0.3&#8243; width=&#8220;1\/2&#8243; tablet_width_inherit=&#8220;default&#8220; bg_image_animation=&#8220;none&#8220; border_type=&#8220;simple&#8220; column_border_width=&#8220;none&#8220; column_border_style=&#8220;solid&#8220;][image_with_animation image_url=&#8220;4919&#8243; animation=&#8220;Fade In&#8220; hover_animation=&#8220;none&#8220; alignment=&#8220;&#8220; border_radius=&#8220;none&#8220; box_shadow=&#8220;none&#8220; image_loading=&#8220;default&#8220; max_width=&#8220;100%&#8220; max_width_mobile=&#8220;default&#8220;][\/vc_column_inner][\/vc_row_inner][\/vc_column][\/vc_row]\n","protected":false},"excerpt":{"rendered":"<p>[vc_row type=&#8220;full_width_content&#8220; full_screen_row_position=&#8220;middle&#8220; column_margin=&#8220;default&#8220; column_direction=&#8220;default&#8220; column_direction_tablet=&#8220;default&#8220; column_direction_phone=&#8220;default&#8220; scene_position=&#8220;center&#8220; text_color=&#8220;dark&#8220; text_align=&#8220;left&#8220; row_border_radius=&#8220;none&#8220; row_border_radius_applies=&#8220;bg&#8220; overlay_strength=&#8220;0.3&#8243; gradient_direction=&#8220;left_to_right&#8220; shape_divider_position=&#8220;bottom&#8220; bg_image_animation=&#8220;none&#8220; shape_type=&#8220;&#8220;][vc_column column_padding=&#8220;no-extra-padding&#8220; column_padding_tablet=&#8220;inherit&#8220; column_padding_phone=&#8220;inherit&#8220; column_padding_position=&#8220;all&#8220; column_element_spacing=&#8220;default&#8220; background_color_opacity=&#8220;1&#8243; background_hover_color_opacity=&#8220;1&#8243; column_shadow=&#8220;none&#8220;&#8230;<\/p>\n","protected":false},"author":1,"featured_media":0,"parent":0,"menu_order":0,"comment_status":"closed","ping_status":"closed","template":"","meta":{"footnotes":""},"class_list":["post-3749","page","type-page","status-publish"],"yoast_head":"<!-- This site is optimized with the Yoast SEO Premium plugin v22.7 (Yoast SEO v27.4) - https:\/\/yoast.com\/product\/yoast-seo-premium-wordpress\/ -->\n<title>So funktioniert ein kachelofen - Gabriel kakelugnar<\/title>\n<meta name=\"robots\" content=\"index, follow, max-snippet:-1, max-image-preview:large, max-video-preview:-1\" \/>\n<link rel=\"canonical\" href=\"https:\/\/gabrielkakelugnar.com\/de\/so-funktioniert-ein-kachelofen\/\" \/>\n<meta property=\"og:locale\" content=\"de_DE\" \/>\n<meta property=\"og:type\" content=\"article\" \/>\n<meta property=\"og:title\" content=\"So funktioniert ein kachelofen\" \/>\n<meta property=\"og:description\" content=\"[vc_row type=&#8220;full_width_content&#8220; full_screen_row_position=&#8220;middle&#8220; column_margin=&#8220;default&#8220; column_direction=&#8220;default&#8220; column_direction_tablet=&#8220;default&#8220; column_direction_phone=&#8220;default&#8220; scene_position=&#8220;center&#8220; text_color=&#8220;dark&#8220; text_align=&#8220;left&#8220; row_border_radius=&#8220;none&#8220; row_border_radius_applies=&#8220;bg&#8220; overlay_strength=&#8220;0.3&#8243; gradient_direction=&#8220;left_to_right&#8220; shape_divider_position=&#8220;bottom&#8220; bg_image_animation=&#8220;none&#8220; shape_type=&#8220;&#8220;][vc_column column_padding=&#8220;no-extra-padding&#8220; column_padding_tablet=&#8220;inherit&#8220; column_padding_phone=&#8220;inherit&#8220; column_padding_position=&#8220;all&#8220; column_element_spacing=&#8220;default&#8220; background_color_opacity=&#8220;1&#8243; background_hover_color_opacity=&#8220;1&#8243; column_shadow=&#8220;none&#8220;...\" \/>\n<meta property=\"og:url\" content=\"https:\/\/gabrielkakelugnar.com\/de\/so-funktioniert-ein-kachelofen\/\" \/>\n<meta property=\"og:site_name\" content=\"Gabriel kakelugnar\" \/>\n<meta property=\"article:modified_time\" content=\"2022-06-20T07:24:40+00:00\" \/>\n<meta name=\"twitter:card\" content=\"summary_large_image\" \/>\n<meta name=\"twitter:label1\" content=\"Gesch\u00e4tzte Lesezeit\" \/>\n\t<meta name=\"twitter:data1\" content=\"3\u00a0Minuten\" \/>\n<script type=\"application\/ld+json\" class=\"yoast-schema-graph\">{\"@context\":\"https:\\\/\\\/schema.org\",\"@graph\":[{\"@type\":\"WebPage\",\"@id\":\"https:\\\/\\\/gabrielkakelugnar.com\\\/de\\\/so-funktioniert-ein-kachelofen\\\/\",\"url\":\"https:\\\/\\\/gabrielkakelugnar.com\\\/de\\\/so-funktioniert-ein-kachelofen\\\/\",\"name\":\"So funktioniert ein kachelofen - Gabriel kakelugnar\",\"isPartOf\":{\"@id\":\"https:\\\/\\\/gabrielkakelugnar.com\\\/#website\"},\"datePublished\":\"2021-03-25T12:16:49+00:00\",\"dateModified\":\"2022-06-20T07:24:40+00:00\",\"breadcrumb\":{\"@id\":\"https:\\\/\\\/gabrielkakelugnar.com\\\/de\\\/so-funktioniert-ein-kachelofen\\\/#breadcrumb\"},\"inLanguage\":\"de\",\"potentialAction\":[{\"@type\":\"ReadAction\",\"target\":[\"https:\\\/\\\/gabrielkakelugnar.com\\\/de\\\/so-funktioniert-ein-kachelofen\\\/\"]}]},{\"@type\":\"BreadcrumbList\",\"@id\":\"https:\\\/\\\/gabrielkakelugnar.com\\\/de\\\/so-funktioniert-ein-kachelofen\\\/#breadcrumb\",\"itemListElement\":[{\"@type\":\"ListItem\",\"position\":1,\"name\":\"Hem\",\"item\":\"https:\\\/\\\/gabrielkakelugnar.com\\\/de\\\/\"},{\"@type\":\"ListItem\",\"position\":2,\"name\":\"So funktioniert ein kachelofen\"}]},{\"@type\":\"WebSite\",\"@id\":\"https:\\\/\\\/gabrielkakelugnar.com\\\/#website\",\"url\":\"https:\\\/\\\/gabrielkakelugnar.com\\\/\",\"name\":\"Gabriel kakelugnar\",\"description\":\"Warmth through generations\",\"publisher\":{\"@id\":\"https:\\\/\\\/gabrielkakelugnar.com\\\/#organization\"},\"potentialAction\":[{\"@type\":\"SearchAction\",\"target\":{\"@type\":\"EntryPoint\",\"urlTemplate\":\"https:\\\/\\\/gabrielkakelugnar.com\\\/?s={search_term_string}\"},\"query-input\":{\"@type\":\"PropertyValueSpecification\",\"valueRequired\":true,\"valueName\":\"search_term_string\"}}],\"inLanguage\":\"de\"},{\"@type\":\"Organization\",\"@id\":\"https:\\\/\\\/gabrielkakelugnar.com\\\/#organization\",\"name\":\"GABRIEL KAKELUGNAR AB\",\"url\":\"https:\\\/\\\/gabrielkakelugnar.com\\\/\",\"logo\":{\"@type\":\"ImageObject\",\"inLanguage\":\"de\",\"@id\":\"https:\\\/\\\/gabrielkakelugnar.com\\\/#\\\/schema\\\/logo\\\/image\\\/\",\"url\":\"https:\\\/\\\/gabrielkakelugnar.com\\\/wp-content\\\/uploads\\\/2021\\\/05\\\/Gabriel-Logotype.png\",\"contentUrl\":\"https:\\\/\\\/gabrielkakelugnar.com\\\/wp-content\\\/uploads\\\/2021\\\/05\\\/Gabriel-Logotype.png\",\"width\":1065,\"height\":801,\"caption\":\"GABRIEL KAKELUGNAR AB\"},\"image\":{\"@id\":\"https:\\\/\\\/gabrielkakelugnar.com\\\/#\\\/schema\\\/logo\\\/image\\\/\"}}]}<\/script>\n<!-- \/ Yoast SEO Premium plugin. -->","yoast_head_json":{"title":"So funktioniert ein kachelofen - Gabriel kakelugnar","robots":{"index":"index","follow":"follow","max-snippet":"max-snippet:-1","max-image-preview":"max-image-preview:large","max-video-preview":"max-video-preview:-1"},"canonical":"https:\/\/gabrielkakelugnar.com\/de\/so-funktioniert-ein-kachelofen\/","og_locale":"de_DE","og_type":"article","og_title":"So funktioniert ein kachelofen","og_description":"[vc_row type=&#8220;full_width_content&#8220; full_screen_row_position=&#8220;middle&#8220; column_margin=&#8220;default&#8220; column_direction=&#8220;default&#8220; column_direction_tablet=&#8220;default&#8220; column_direction_phone=&#8220;default&#8220; scene_position=&#8220;center&#8220; text_color=&#8220;dark&#8220; text_align=&#8220;left&#8220; row_border_radius=&#8220;none&#8220; row_border_radius_applies=&#8220;bg&#8220; overlay_strength=&#8220;0.3&#8243; gradient_direction=&#8220;left_to_right&#8220; shape_divider_position=&#8220;bottom&#8220; bg_image_animation=&#8220;none&#8220; shape_type=&#8220;&#8220;][vc_column column_padding=&#8220;no-extra-padding&#8220; column_padding_tablet=&#8220;inherit&#8220; column_padding_phone=&#8220;inherit&#8220; column_padding_position=&#8220;all&#8220; column_element_spacing=&#8220;default&#8220; background_color_opacity=&#8220;1&#8243; background_hover_color_opacity=&#8220;1&#8243; column_shadow=&#8220;none&#8220;...","og_url":"https:\/\/gabrielkakelugnar.com\/de\/so-funktioniert-ein-kachelofen\/","og_site_name":"Gabriel kakelugnar","article_modified_time":"2022-06-20T07:24:40+00:00","twitter_card":"summary_large_image","twitter_misc":{"Gesch\u00e4tzte Lesezeit":"3\u00a0Minuten"},"schema":{"@context":"https:\/\/schema.org","@graph":[{"@type":"WebPage","@id":"https:\/\/gabrielkakelugnar.com\/de\/so-funktioniert-ein-kachelofen\/","url":"https:\/\/gabrielkakelugnar.com\/de\/so-funktioniert-ein-kachelofen\/","name":"So funktioniert ein kachelofen - Gabriel kakelugnar","isPartOf":{"@id":"https:\/\/gabrielkakelugnar.com\/#website"},"datePublished":"2021-03-25T12:16:49+00:00","dateModified":"2022-06-20T07:24:40+00:00","breadcrumb":{"@id":"https:\/\/gabrielkakelugnar.com\/de\/so-funktioniert-ein-kachelofen\/#breadcrumb"},"inLanguage":"de","potentialAction":[{"@type":"ReadAction","target":["https:\/\/gabrielkakelugnar.com\/de\/so-funktioniert-ein-kachelofen\/"]}]},{"@type":"BreadcrumbList","@id":"https:\/\/gabrielkakelugnar.com\/de\/so-funktioniert-ein-kachelofen\/#breadcrumb","itemListElement":[{"@type":"ListItem","position":1,"name":"Hem","item":"https:\/\/gabrielkakelugnar.com\/de\/"},{"@type":"ListItem","position":2,"name":"So funktioniert ein kachelofen"}]},{"@type":"WebSite","@id":"https:\/\/gabrielkakelugnar.com\/#website","url":"https:\/\/gabrielkakelugnar.com\/","name":"Gabriel kakelugnar","description":"Warmth through generations","publisher":{"@id":"https:\/\/gabrielkakelugnar.com\/#organization"},"potentialAction":[{"@type":"SearchAction","target":{"@type":"EntryPoint","urlTemplate":"https:\/\/gabrielkakelugnar.com\/?s={search_term_string}"},"query-input":{"@type":"PropertyValueSpecification","valueRequired":true,"valueName":"search_term_string"}}],"inLanguage":"de"},{"@type":"Organization","@id":"https:\/\/gabrielkakelugnar.com\/#organization","name":"GABRIEL KAKELUGNAR AB","url":"https:\/\/gabrielkakelugnar.com\/","logo":{"@type":"ImageObject","inLanguage":"de","@id":"https:\/\/gabrielkakelugnar.com\/#\/schema\/logo\/image\/","url":"https:\/\/gabrielkakelugnar.com\/wp-content\/uploads\/2021\/05\/Gabriel-Logotype.png","contentUrl":"https:\/\/gabrielkakelugnar.com\/wp-content\/uploads\/2021\/05\/Gabriel-Logotype.png","width":1065,"height":801,"caption":"GABRIEL KAKELUGNAR AB"},"image":{"@id":"https:\/\/gabrielkakelugnar.com\/#\/schema\/logo\/image\/"}}]}},"_links":{"self":[{"href":"https:\/\/gabrielkakelugnar.com\/de\/wp-json\/wp\/v2\/pages\/3749","targetHints":{"allow":["GET"]}}],"collection":[{"href":"https:\/\/gabrielkakelugnar.com\/de\/wp-json\/wp\/v2\/pages"}],"about":[{"href":"https:\/\/gabrielkakelugnar.com\/de\/wp-json\/wp\/v2\/types\/page"}],"author":[{"embeddable":true,"href":"https:\/\/gabrielkakelugnar.com\/de\/wp-json\/wp\/v2\/users\/1"}],"replies":[{"embeddable":true,"href":"https:\/\/gabrielkakelugnar.com\/de\/wp-json\/wp\/v2\/comments?post=3749"}],"version-history":[{"count":5,"href":"https:\/\/gabrielkakelugnar.com\/de\/wp-json\/wp\/v2\/pages\/3749\/revisions"}],"predecessor-version":[{"id":4922,"href":"https:\/\/gabrielkakelugnar.com\/de\/wp-json\/wp\/v2\/pages\/3749\/revisions\/4922"}],"wp:attachment":[{"href":"https:\/\/gabrielkakelugnar.com\/de\/wp-json\/wp\/v2\/media?parent=3749"}],"curies":[{"name":"wp","href":"https:\/\/api.w.org\/{rel}","templated":true}]}}