{"id":3755,"date":"2021-03-26T09:34:09","date_gmt":"2021-03-26T09:34:09","guid":{"rendered":"https:\/\/gabrielkakelugnar.com\/kakelugnens-fordelar\/"},"modified":"2022-02-01T14:39:27","modified_gmt":"2022-02-01T14:39:27","slug":"vorteile-des-kachelofens","status":"publish","type":"page","link":"https:\/\/gabrielkakelugnar.com\/de\/vorteile-des-kachelofens\/","title":{"rendered":"Vorteile des kachelofens"},"content":{"rendered":"[vc_row type=&#8220;full_width_content&#8220; full_screen_row_position=&#8220;middle&#8220; column_margin=&#8220;default&#8220; column_direction=&#8220;default&#8220; column_direction_tablet=&#8220;default&#8220; column_direction_phone=&#8220;default&#8220; scene_position=&#8220;center&#8220; text_color=&#8220;dark&#8220; text_align=&#8220;left&#8220; row_border_radius=&#8220;none&#8220; row_border_radius_applies=&#8220;bg&#8220; overlay_strength=&#8220;0.3&#8243; gradient_direction=&#8220;left_to_right&#8220; shape_divider_position=&#8220;bottom&#8220; bg_image_animation=&#8220;none&#8220; shape_type=&#8220;&#8220;][vc_column column_padding=&#8220;no-extra-padding&#8220; column_padding_tablet=&#8220;inherit&#8220; column_padding_phone=&#8220;inherit&#8220; column_padding_position=&#8220;all&#8220; column_element_spacing=&#8220;default&#8220; background_color_opacity=&#8220;1&#8243; background_hover_color_opacity=&#8220;1&#8243; column_shadow=&#8220;none&#8220; column_border_radius=&#8220;none&#8220; column_link_target=&#8220;_self&#8220; gradient_direction=&#8220;left_to_right&#8220; overlay_strength=&#8220;0.3&#8243; width=&#8220;1\/1&#8243; tablet_width_inherit=&#8220;default&#8220; tablet_text_alignment=&#8220;default&#8220; phone_text_alignment=&#8220;default&#8220; bg_image_animation=&#8220;none&#8220; border_type=&#8220;simple&#8220; column_border_width=&#8220;none&#8220; column_border_style=&#8220;solid&#8220;][image_with_animation image_url=&#8220;899&#8243; animation=&#8220;Fade In&#8220; hover_animation=&#8220;none&#8220; alignment=&#8220;&#8220; border_radius=&#8220;none&#8220; box_shadow=&#8220;none&#8220; image_loading=&#8220;default&#8220; max_width=&#8220;100%&#8220; max_width_mobile=&#8220;default&#8220;][\/vc_column][\/vc_row][vc_row type=&#8220;in_container&#8220; full_screen_row_position=&#8220;middle&#8220; column_margin=&#8220;default&#8220; column_direction=&#8220;default&#8220; column_direction_tablet=&#8220;default&#8220; column_direction_phone=&#8220;default&#8220; scene_position=&#8220;center&#8220; text_color=&#8220;dark&#8220; text_align=&#8220;left&#8220; row_border_radius=&#8220;none&#8220; row_border_radius_applies=&#8220;bg&#8220; overlay_strength=&#8220;0.3&#8243; gradient_direction=&#8220;left_to_right&#8220; shape_divider_position=&#8220;bottom&#8220; bg_image_animation=&#8220;none&#8220;][vc_column column_padding=&#8220;no-extra-padding&#8220; column_padding_tablet=&#8220;inherit&#8220; column_padding_phone=&#8220;inherit&#8220; column_padding_position=&#8220;all&#8220; column_element_spacing=&#8220;default&#8220; background_color_opacity=&#8220;1&#8243; background_hover_color_opacity=&#8220;1&#8243; column_shadow=&#8220;none&#8220; column_border_radius=&#8220;none&#8220; column_link_target=&#8220;_self&#8220; gradient_direction=&#8220;left_to_right&#8220; overlay_strength=&#8220;0.3&#8243; width=&#8220;1\/6&#8243; tablet_width_inherit=&#8220;default&#8220; tablet_text_alignment=&#8220;default&#8220; phone_text_alignment=&#8220;default&#8220; bg_image_animation=&#8220;none&#8220; border_type=&#8220;simple&#8220; column_border_width=&#8220;none&#8220; column_border_style=&#8220;solid&#8220;][\/vc_column][vc_column column_padding=&#8220;no-extra-padding&#8220; column_padding_tablet=&#8220;inherit&#8220; column_padding_phone=&#8220;inherit&#8220; column_padding_position=&#8220;all&#8220; column_element_spacing=&#8220;default&#8220; background_color_opacity=&#8220;1&#8243; background_hover_color_opacity=&#8220;1&#8243; column_shadow=&#8220;none&#8220; column_border_radius=&#8220;none&#8220; column_link_target=&#8220;_self&#8220; gradient_direction=&#8220;left_to_right&#8220; overlay_strength=&#8220;0.3&#8243; width=&#8220;2\/3&#8243; tablet_width_inherit=&#8220;default&#8220; tablet_text_alignment=&#8220;default&#8220; phone_text_alignment=&#8220;default&#8220; bg_image_animation=&#8220;none&#8220; border_type=&#8220;simple&#8220; column_border_width=&#8220;none&#8220; column_border_style=&#8220;solid&#8220;][divider line_type=&#8220;No Line&#8220;][image_with_animation image_url=&#8220;1188&#8243; animation=&#8220;Fade In&#8220; hover_animation=&#8220;none&#8220; alignment=&#8220;center&#8220; border_radius=&#8220;none&#8220; box_shadow=&#8220;none&#8220; image_loading=&#8220;default&#8220; max_width=&#8220;100%&#8220; max_width_mobile=&#8220;default&#8220;][vc_custom_heading text=&#8220;VORTEILE DES KACHELOFENS&#8220; font_container=&#8220;tag:h1|font_size:28|text_align:center|color:%23002561&#8243; use_theme_fonts=&#8220;yes&#8220;][divider line_type=&#8220;No Line&#8220;][vc_column_text]\n<h4 style=\"text-align: center;\">Der Kachelofen ist in vielerlei Hinsicht ein au\u00dfergew\u00f6hnliches Produkt. Der Vorteil, den kaum eine andere Feuerstelle erreichen kann, ist die gleichm\u00e4\u00dfige und langsame W\u00e4rmeabfuhr, die ein so angenehmes Raumklima schafft.<\/h4>\n[\/vc_column_text][divider line_type=&#8220;No Line&#8220;][vc_column_text]\n<p style=\"text-align: center;\"><span style=\"color: #003366;\">Im Vergleich zu anderen Feuerstellen hat ein Kachelofen eine Reihe von Vorteilen, zu denen vor allem die gleichm\u00e4\u00dfige und angenehme W\u00e4rmeableitung geh\u00f6rt. Der Kachelofen gibt durchschnittlich 2,5 kW pro Stunde ab, was als angenehm empfunden wird. Ein Kachelofen ist schwer und seine gro\u00dfe Masse speichert \u00fcber die Rauchgaskan\u00e4le die W\u00e4rme des Feuers und der Rauchgase und gibt sie dann langsam an die Umgebung ab.<\/span><\/p>\n<p style=\"text-align: center;\"><span style=\"color: #003366;\">Ein traditioneller Holzofen gibt in der hei\u00dfesten Phase etwa 5-7\u00a0kW ab und k\u00fchlt sofort ab, sobald das Feuer erlischt. Diese starke Temperaturschwankung, die wir als Saunaeffekt bezeichnen, wird oft als unangenehm empfunden und endet meist mit dem L\u00fcften.<\/span><\/p>\n<p style=\"text-align: center;\"><span style=\"color: #003366;\">In neuen energieeffizienten H\u00e4usern wird dieser Unterschied noch deutlicher erlebt und so ist der Kachelofen eine hervorragende Alternative f\u00fcr alle, die das Wohlgef\u00fchl eines Feuers und ein angenehmes Raumklima verbinden m\u00f6chten.<\/span><\/p>\n[\/vc_column_text][divider line_type=&#8220;No Line&#8220;][image_with_animation image_url=&#8220;2868&#8243; animation=&#8220;Fade In&#8220; hover_animation=&#8220;none&#8220; alignment=&#8220;&#8220; border_radius=&#8220;none&#8220; box_shadow=&#8220;none&#8220; image_loading=&#8220;default&#8220; max_width=&#8220;100%&#8220; max_width_mobile=&#8220;default&#8220;][\/vc_column][vc_column column_padding=&#8220;no-extra-padding&#8220; column_padding_tablet=&#8220;inherit&#8220; column_padding_phone=&#8220;inherit&#8220; column_padding_position=&#8220;all&#8220; column_element_spacing=&#8220;default&#8220; background_color_opacity=&#8220;1&#8243; background_hover_color_opacity=&#8220;1&#8243; column_shadow=&#8220;none&#8220; column_border_radius=&#8220;none&#8220; column_link_target=&#8220;_self&#8220; gradient_direction=&#8220;left_to_right&#8220; overlay_strength=&#8220;0.3&#8243; width=&#8220;1\/6&#8243; tablet_width_inherit=&#8220;default&#8220; tablet_text_alignment=&#8220;default&#8220; phone_text_alignment=&#8220;default&#8220; bg_image_animation=&#8220;none&#8220; border_type=&#8220;simple&#8220; column_border_width=&#8220;none&#8220; column_border_style=&#8220;solid&#8220;][\/vc_column][\/vc_row][vc_row type=&#8220;full_width_background&#8220; full_screen_row_position=&#8220;middle&#8220; column_margin=&#8220;default&#8220; column_direction=&#8220;default&#8220; column_direction_tablet=&#8220;default&#8220; column_direction_phone=&#8220;default&#8220; bg_color=&#8220;#d8b97f&#8220; scene_position=&#8220;center&#8220; top_padding=&#8220;8%&#8220; bottom_padding=&#8220;8%&#8220; text_color=&#8220;dark&#8220; text_align=&#8220;left&#8220; row_border_radius=&#8220;none&#8220; row_border_radius_applies=&#8220;bg&#8220; disable_element=&#8220;yes&#8220; overlay_strength=&#8220;0.3&#8243; gradient_direction=&#8220;left_to_right&#8220; shape_divider_position=&#8220;bottom&#8220; bg_image_animation=&#8220;none&#8220; shape_type=&#8220;&#8220;][vc_column column_padding=&#8220;no-extra-padding&#8220; column_padding_tablet=&#8220;inherit&#8220; column_padding_phone=&#8220;inherit&#8220; column_padding_position=&#8220;all&#8220; column_element_spacing=&#8220;default&#8220; background_color_opacity=&#8220;1&#8243; background_hover_color_opacity=&#8220;1&#8243; column_shadow=&#8220;none&#8220; column_border_radius=&#8220;none&#8220; column_link_target=&#8220;_self&#8220; gradient_direction=&#8220;left_to_right&#8220; overlay_strength=&#8220;0.3&#8243; width=&#8220;1\/1&#8243; tablet_width_inherit=&#8220;default&#8220; tablet_text_alignment=&#8220;default&#8220; phone_text_alignment=&#8220;default&#8220; bg_image_animation=&#8220;none&#8220; border_type=&#8220;simple&#8220; column_border_width=&#8220;none&#8220; column_border_style=&#8220;solid&#8220;][vc_row_inner equal_height=&#8220;yes&#8220; content_placement=&#8220;middle&#8220; column_margin=&#8220;default&#8220; column_direction=&#8220;default&#8220; column_direction_tablet=&#8220;default&#8220; column_direction_phone=&#8220;default&#8220; text_align=&#8220;left&#8220;][vc_column_inner column_padding=&#8220;padding-7-percent&#8220; column_padding_tablet=&#8220;inherit&#8220; column_padding_phone=&#8220;inherit&#8220; column_padding_position=&#8220;all&#8220; column_element_spacing=&#8220;default&#8220; background_color_opacity=&#8220;1&#8243; background_hover_color_opacity=&#8220;1&#8243; column_shadow=&#8220;none&#8220; column_border_radius=&#8220;none&#8220; column_link_target=&#8220;_self&#8220; gradient_direction=&#8220;left_to_right&#8220; overlay_strength=&#8220;0.3&#8243; width=&#8220;1\/2&#8243; tablet_width_inherit=&#8220;default&#8220; bg_image_animation=&#8220;none&#8220; border_type=&#8220;simple&#8220; column_border_width=&#8220;none&#8220; column_border_style=&#8220;solid&#8220;][split_line_heading animation_type=&#8220;default&#8220;]\n<h2><span style=\"color: #003366;\">FATTA ETT BESLUT IDAG SOM SKAPAR GL\u00c4DJE I GENERATIONER<\/span><\/h2>\n[\/split_line_heading][divider line_type=&#8220;No Line&#8220;][vc_column_text]\n<h4>Kakelugnen har m\u00e5nga f\u00f6rdelar som p\u00e5 olika s\u00e4tt kommer f\u00f6rgylla tillvaron i hemmen d\u00e4r de st\u00e5r<\/h4>\n[\/vc_column_text][divider line_type=&#8220;No Line&#8220;][vc_column_text css_animation=&#8220;bottom-to-top&#8220; css=&#8220;.vc_custom_1620115445767{margin-top: 15px !important;}&#8220; max_width=&#8220;700&#8243;]<strong>Trygghet<\/strong> \u2013 h\u00e5ller bostaden varm, ljus och trivsam vid h\u00e4ndelse av bortfall av andra energik\u00e4llor som el och fj\u00e4rrv\u00e4rme.<\/p>\n<p><strong>Ekonomi<\/strong> \u2013 en investering som enligt m\u00e4klarstatistiken h\u00f6jer v\u00e4rdet p\u00e5 bostaden samtidigt som den vid anv\u00e4ndning s\u00e4nker kostnaden f\u00f6r uppv\u00e4rmning.<\/p>\n<p><strong>Tidl\u00f6s<\/strong> \u2013 en kvalitativ produkt med tidl\u00f6s design som kommer finnas och anv\u00e4ndas i generationer.<\/p>\n<p><strong>Dekorativ<\/strong> \u2013 \u00e4r lika mycket en vacker m\u00f6bel som en v\u00e4rmek\u00e4lla. Ett kulturarv v\u00e4rt att v\u00e5rda.<\/p>\n<p><strong>Verkningsgrad<\/strong> \u2013 en uppm\u00e4tt verkningsgrad p\u00e5 92,4% \u00e4r det v\u00e4ldigt f\u00e5 som \u00f6vertr\u00e4ffar.<\/p>\n<p><strong>L\u00e5ga emissioner<\/strong> \u2013 med en modern eldstadskassett och de l\u00e5nga r\u00f6kgaskanalerna uppn\u00e5r en kakelugn fr\u00e5n Gabriel l\u00e5ga utsl\u00e4ppsniv\u00e5er. Vi uppfyller med enkelhet b\u00e5de svenska och internationella krav.[\/vc_column_text][\/vc_column_inner][vc_column_inner column_padding=&#8220;no-extra-padding&#8220; column_padding_tablet=&#8220;inherit&#8220; column_padding_phone=&#8220;inherit&#8220; column_padding_position=&#8220;all&#8220; column_element_spacing=&#8220;default&#8220; background_color_opacity=&#8220;1&#8243; background_hover_color_opacity=&#8220;1&#8243; column_shadow=&#8220;none&#8220; column_border_radius=&#8220;none&#8220; column_link_target=&#8220;_self&#8220; gradient_direction=&#8220;left_to_right&#8220; overlay_strength=&#8220;0.3&#8243; width=&#8220;1\/2&#8243; tablet_width_inherit=&#8220;default&#8220; bg_image_animation=&#8220;none&#8220; border_type=&#8220;simple&#8220; column_border_width=&#8220;none&#8220; column_border_style=&#8220;solid&#8220;][image_with_animation image_url=&#8220;2876&#8243; animation=&#8220;Fade In&#8220; hover_animation=&#8220;none&#8220; alignment=&#8220;&#8220; border_radius=&#8220;none&#8220; box_shadow=&#8220;none&#8220; image_loading=&#8220;default&#8220; max_width=&#8220;100%&#8220; max_width_mobile=&#8220;default&#8220;][\/vc_column_inner][\/vc_row_inner][\/vc_column][\/vc_row]\n","protected":false},"excerpt":{"rendered":"<p>[vc_row type=&#8220;full_width_content&#8220; full_screen_row_position=&#8220;middle&#8220; column_margin=&#8220;default&#8220; column_direction=&#8220;default&#8220; column_direction_tablet=&#8220;default&#8220; column_direction_phone=&#8220;default&#8220; scene_position=&#8220;center&#8220; text_color=&#8220;dark&#8220; text_align=&#8220;left&#8220; row_border_radius=&#8220;none&#8220; row_border_radius_applies=&#8220;bg&#8220; overlay_strength=&#8220;0.3&#8243; gradient_direction=&#8220;left_to_right&#8220; shape_divider_position=&#8220;bottom&#8220; bg_image_animation=&#8220;none&#8220; shape_type=&#8220;&#8220;][vc_column column_padding=&#8220;no-extra-padding&#8220; column_padding_tablet=&#8220;inherit&#8220; column_padding_phone=&#8220;inherit&#8220; column_padding_position=&#8220;all&#8220; column_element_spacing=&#8220;default&#8220; background_color_opacity=&#8220;1&#8243; background_hover_color_opacity=&#8220;1&#8243; column_shadow=&#8220;none&#8220;&#8230;<\/p>\n","protected":false},"author":1,"featured_media":0,"parent":0,"menu_order":0,"comment_status":"closed","ping_status":"closed","template":"","meta":{"footnotes":""},"class_list":["post-3755","page","type-page","status-publish"],"yoast_head":"<!-- This site is optimized with the Yoast SEO Premium plugin v22.7 (Yoast SEO v27.4) - https:\/\/yoast.com\/product\/yoast-seo-premium-wordpress\/ -->\n<title>VORTEILE DES KACHELOFENS - Gabriel kakelugnar<\/title>\n<meta name=\"description\" content=\"Varf\u00f6r ska man v\u00e4lja en kakelugn framf\u00f6r en annan typ av v\u00e4rmek\u00e4lla? En kakelugn \u00e4r en ger en behaglig v\u00e4rme och sparar energikostnader! L\u00e4s mer h\u00e4r...\" \/>\n<meta name=\"robots\" content=\"index, follow, max-snippet:-1, max-image-preview:large, max-video-preview:-1\" \/>\n<link rel=\"canonical\" href=\"https:\/\/gabrielkakelugnar.com\/de\/vorteile-des-kachelofens\/\" \/>\n<meta property=\"og:locale\" content=\"de_DE\" \/>\n<meta property=\"og:type\" content=\"article\" \/>\n<meta property=\"og:title\" content=\"Vorteile des kachelofens\" \/>\n<meta property=\"og:description\" content=\"Varf\u00f6r ska man v\u00e4lja en kakelugn framf\u00f6r en annan typ av v\u00e4rmek\u00e4lla? En kakelugn \u00e4r en ger en behaglig v\u00e4rme och sparar energikostnader! L\u00e4s mer h\u00e4r...\" \/>\n<meta property=\"og:url\" content=\"https:\/\/gabrielkakelugnar.com\/de\/vorteile-des-kachelofens\/\" \/>\n<meta property=\"og:site_name\" content=\"Gabriel kakelugnar\" \/>\n<meta property=\"article:modified_time\" content=\"2022-02-01T14:39:27+00:00\" \/>\n<meta name=\"twitter:card\" content=\"summary_large_image\" \/>\n<meta name=\"twitter:label1\" content=\"Gesch\u00e4tzte Lesezeit\" \/>\n\t<meta name=\"twitter:data1\" content=\"3\u00a0Minuten\" \/>\n<script type=\"application\/ld+json\" class=\"yoast-schema-graph\">{\"@context\":\"https:\\\/\\\/schema.org\",\"@graph\":[{\"@type\":\"WebPage\",\"@id\":\"https:\\\/\\\/gabrielkakelugnar.com\\\/de\\\/vorteile-des-kachelofens\\\/\",\"url\":\"https:\\\/\\\/gabrielkakelugnar.com\\\/de\\\/vorteile-des-kachelofens\\\/\",\"name\":\"VORTEILE DES KACHELOFENS - Gabriel kakelugnar\",\"isPartOf\":{\"@id\":\"https:\\\/\\\/gabrielkakelugnar.com\\\/#website\"},\"datePublished\":\"2021-03-26T09:34:09+00:00\",\"dateModified\":\"2022-02-01T14:39:27+00:00\",\"description\":\"Varf\u00f6r ska man v\u00e4lja en kakelugn framf\u00f6r en annan typ av v\u00e4rmek\u00e4lla? En kakelugn \u00e4r en ger en behaglig v\u00e4rme och sparar energikostnader! L\u00e4s mer h\u00e4r...\",\"breadcrumb\":{\"@id\":\"https:\\\/\\\/gabrielkakelugnar.com\\\/de\\\/vorteile-des-kachelofens\\\/#breadcrumb\"},\"inLanguage\":\"de\",\"potentialAction\":[{\"@type\":\"ReadAction\",\"target\":[\"https:\\\/\\\/gabrielkakelugnar.com\\\/de\\\/vorteile-des-kachelofens\\\/\"]}]},{\"@type\":\"BreadcrumbList\",\"@id\":\"https:\\\/\\\/gabrielkakelugnar.com\\\/de\\\/vorteile-des-kachelofens\\\/#breadcrumb\",\"itemListElement\":[{\"@type\":\"ListItem\",\"position\":1,\"name\":\"Hem\",\"item\":\"https:\\\/\\\/gabrielkakelugnar.com\\\/de\\\/\"},{\"@type\":\"ListItem\",\"position\":2,\"name\":\"Vorteile des kachelofens\"}]},{\"@type\":\"WebSite\",\"@id\":\"https:\\\/\\\/gabrielkakelugnar.com\\\/#website\",\"url\":\"https:\\\/\\\/gabrielkakelugnar.com\\\/\",\"name\":\"Gabriel kakelugnar\",\"description\":\"Warmth through generations\",\"publisher\":{\"@id\":\"https:\\\/\\\/gabrielkakelugnar.com\\\/#organization\"},\"potentialAction\":[{\"@type\":\"SearchAction\",\"target\":{\"@type\":\"EntryPoint\",\"urlTemplate\":\"https:\\\/\\\/gabrielkakelugnar.com\\\/?s={search_term_string}\"},\"query-input\":{\"@type\":\"PropertyValueSpecification\",\"valueRequired\":true,\"valueName\":\"search_term_string\"}}],\"inLanguage\":\"de\"},{\"@type\":\"Organization\",\"@id\":\"https:\\\/\\\/gabrielkakelugnar.com\\\/#organization\",\"name\":\"GABRIEL KAKELUGNAR AB\",\"url\":\"https:\\\/\\\/gabrielkakelugnar.com\\\/\",\"logo\":{\"@type\":\"ImageObject\",\"inLanguage\":\"de\",\"@id\":\"https:\\\/\\\/gabrielkakelugnar.com\\\/#\\\/schema\\\/logo\\\/image\\\/\",\"url\":\"https:\\\/\\\/gabrielkakelugnar.com\\\/wp-content\\\/uploads\\\/2021\\\/05\\\/Gabriel-Logotype.png\",\"contentUrl\":\"https:\\\/\\\/gabrielkakelugnar.com\\\/wp-content\\\/uploads\\\/2021\\\/05\\\/Gabriel-Logotype.png\",\"width\":1065,\"height\":801,\"caption\":\"GABRIEL KAKELUGNAR AB\"},\"image\":{\"@id\":\"https:\\\/\\\/gabrielkakelugnar.com\\\/#\\\/schema\\\/logo\\\/image\\\/\"}}]}<\/script>\n<!-- \/ Yoast SEO Premium plugin. -->","yoast_head_json":{"title":"VORTEILE DES KACHELOFENS - Gabriel kakelugnar","description":"Varf\u00f6r ska man v\u00e4lja en kakelugn framf\u00f6r en annan typ av v\u00e4rmek\u00e4lla? En kakelugn \u00e4r en ger en behaglig v\u00e4rme och sparar energikostnader! L\u00e4s mer h\u00e4r...","robots":{"index":"index","follow":"follow","max-snippet":"max-snippet:-1","max-image-preview":"max-image-preview:large","max-video-preview":"max-video-preview:-1"},"canonical":"https:\/\/gabrielkakelugnar.com\/de\/vorteile-des-kachelofens\/","og_locale":"de_DE","og_type":"article","og_title":"Vorteile des kachelofens","og_description":"Varf\u00f6r ska man v\u00e4lja en kakelugn framf\u00f6r en annan typ av v\u00e4rmek\u00e4lla? En kakelugn \u00e4r en ger en behaglig v\u00e4rme och sparar energikostnader! L\u00e4s mer h\u00e4r...","og_url":"https:\/\/gabrielkakelugnar.com\/de\/vorteile-des-kachelofens\/","og_site_name":"Gabriel kakelugnar","article_modified_time":"2022-02-01T14:39:27+00:00","twitter_card":"summary_large_image","twitter_misc":{"Gesch\u00e4tzte Lesezeit":"3\u00a0Minuten"},"schema":{"@context":"https:\/\/schema.org","@graph":[{"@type":"WebPage","@id":"https:\/\/gabrielkakelugnar.com\/de\/vorteile-des-kachelofens\/","url":"https:\/\/gabrielkakelugnar.com\/de\/vorteile-des-kachelofens\/","name":"VORTEILE DES KACHELOFENS - Gabriel kakelugnar","isPartOf":{"@id":"https:\/\/gabrielkakelugnar.com\/#website"},"datePublished":"2021-03-26T09:34:09+00:00","dateModified":"2022-02-01T14:39:27+00:00","description":"Varf\u00f6r ska man v\u00e4lja en kakelugn framf\u00f6r en annan typ av v\u00e4rmek\u00e4lla? En kakelugn \u00e4r en ger en behaglig v\u00e4rme och sparar energikostnader! L\u00e4s mer h\u00e4r...","breadcrumb":{"@id":"https:\/\/gabrielkakelugnar.com\/de\/vorteile-des-kachelofens\/#breadcrumb"},"inLanguage":"de","potentialAction":[{"@type":"ReadAction","target":["https:\/\/gabrielkakelugnar.com\/de\/vorteile-des-kachelofens\/"]}]},{"@type":"BreadcrumbList","@id":"https:\/\/gabrielkakelugnar.com\/de\/vorteile-des-kachelofens\/#breadcrumb","itemListElement":[{"@type":"ListItem","position":1,"name":"Hem","item":"https:\/\/gabrielkakelugnar.com\/de\/"},{"@type":"ListItem","position":2,"name":"Vorteile des kachelofens"}]},{"@type":"WebSite","@id":"https:\/\/gabrielkakelugnar.com\/#website","url":"https:\/\/gabrielkakelugnar.com\/","name":"Gabriel kakelugnar","description":"Warmth through generations","publisher":{"@id":"https:\/\/gabrielkakelugnar.com\/#organization"},"potentialAction":[{"@type":"SearchAction","target":{"@type":"EntryPoint","urlTemplate":"https:\/\/gabrielkakelugnar.com\/?s={search_term_string}"},"query-input":{"@type":"PropertyValueSpecification","valueRequired":true,"valueName":"search_term_string"}}],"inLanguage":"de"},{"@type":"Organization","@id":"https:\/\/gabrielkakelugnar.com\/#organization","name":"GABRIEL KAKELUGNAR AB","url":"https:\/\/gabrielkakelugnar.com\/","logo":{"@type":"ImageObject","inLanguage":"de","@id":"https:\/\/gabrielkakelugnar.com\/#\/schema\/logo\/image\/","url":"https:\/\/gabrielkakelugnar.com\/wp-content\/uploads\/2021\/05\/Gabriel-Logotype.png","contentUrl":"https:\/\/gabrielkakelugnar.com\/wp-content\/uploads\/2021\/05\/Gabriel-Logotype.png","width":1065,"height":801,"caption":"GABRIEL KAKELUGNAR AB"},"image":{"@id":"https:\/\/gabrielkakelugnar.com\/#\/schema\/logo\/image\/"}}]}},"_links":{"self":[{"href":"https:\/\/gabrielkakelugnar.com\/de\/wp-json\/wp\/v2\/pages\/3755","targetHints":{"allow":["GET"]}}],"collection":[{"href":"https:\/\/gabrielkakelugnar.com\/de\/wp-json\/wp\/v2\/pages"}],"about":[{"href":"https:\/\/gabrielkakelugnar.com\/de\/wp-json\/wp\/v2\/types\/page"}],"author":[{"embeddable":true,"href":"https:\/\/gabrielkakelugnar.com\/de\/wp-json\/wp\/v2\/users\/1"}],"replies":[{"embeddable":true,"href":"https:\/\/gabrielkakelugnar.com\/de\/wp-json\/wp\/v2\/comments?post=3755"}],"version-history":[{"count":5,"href":"https:\/\/gabrielkakelugnar.com\/de\/wp-json\/wp\/v2\/pages\/3755\/revisions"}],"predecessor-version":[{"id":4797,"href":"https:\/\/gabrielkakelugnar.com\/de\/wp-json\/wp\/v2\/pages\/3755\/revisions\/4797"}],"wp:attachment":[{"href":"https:\/\/gabrielkakelugnar.com\/de\/wp-json\/wp\/v2\/media?parent=3755"}],"curies":[{"name":"wp","href":"https:\/\/api.w.org\/{rel}","templated":true}]}}