{"id":3775,"date":"2021-03-26T11:53:05","date_gmt":"2021-03-26T11:53:05","guid":{"rendered":"https:\/\/gabrielkakelugnar.com\/en-kakelugn-blir-till\/"},"modified":"2026-03-05T11:58:10","modified_gmt":"2026-03-05T11:58:10","slug":"herstellung-eines-kachelofens","status":"publish","type":"page","link":"https:\/\/gabrielkakelugnar.com\/de\/herstellung-eines-kachelofens\/","title":{"rendered":"Herstellung eines kachelofens"},"content":{"rendered":"[vc_row type=&#8220;full_width_content&#8220; full_screen_row_position=&#8220;middle&#8220; column_margin=&#8220;default&#8220; column_direction=&#8220;default&#8220; column_direction_tablet=&#8220;default&#8220; column_direction_phone=&#8220;default&#8220; scene_position=&#8220;center&#8220; text_color=&#8220;dark&#8220; text_align=&#8220;left&#8220; row_border_radius=&#8220;none&#8220; row_border_radius_applies=&#8220;bg&#8220; row_position_desktop=&#8220;default&#8220; row_position_tablet=&#8220;inherit&#8220; row_position_phone=&#8220;inherit&#8220; overflow=&#8220;visible&#8220; overlay_strength=&#8220;0.3&#8243; gradient_direction=&#8220;left_to_right&#8220; shape_divider_position=&#8220;bottom&#8220; bg_image_animation=&#8220;none&#8220; shape_type=&#8220;&#8220;][vc_column column_padding=&#8220;no-extra-padding&#8220; column_padding_tablet=&#8220;inherit&#8220; column_padding_phone=&#8220;inherit&#8220; column_padding_position=&#8220;all&#8220; flex_gap_desktop=&#8220;10px&#8220; column_element_direction_desktop=&#8220;default&#8220; column_element_spacing=&#8220;default&#8220; desktop_text_alignment=&#8220;default&#8220; tablet_text_alignment=&#8220;default&#8220; phone_text_alignment=&#8220;default&#8220; background_color_opacity=&#8220;1&#8243; background_hover_color_opacity=&#8220;1&#8243; column_backdrop_filter=&#8220;none&#8220; column_shadow=&#8220;none&#8220; column_border_radius=&#8220;none&#8220; column_link_target=&#8220;_self&#8220; column_position=&#8220;default&#8220; gradient_direction=&#8220;left_to_right&#8220; overlay_strength=&#8220;0.3&#8243; width=&#8220;1\/1&#8243; tablet_width_inherit=&#8220;default&#8220; animation_type=&#8220;default&#8220; bg_image_animation=&#8220;none&#8220; border_type=&#8220;simple&#8220; column_border_width=&#8220;none&#8220; column_border_style=&#8220;solid&#8220;][image_with_animation image_url=&#8220;1467&#8243; image_size=&#8220;full&#8220; max_width=&#8220;100%&#8220; max_width_mobile=&#8220;default&#8220; animation_type=&#8220;entrance&#8220; animation=&#8220;Fade In&#8220; animation_easing=&#8220;default&#8220; animation_movement_type=&#8220;transform_y&#8220; hover_animation=&#8220;none&#8220; alignment=&#8220;&#8220; border_radius=&#8220;none&#8220; box_shadow=&#8220;none&#8220; image_loading=&#8220;default&#8220;][\/vc_column][\/vc_row][vc_row type=&#8220;in_container&#8220; full_screen_row_position=&#8220;middle&#8220; column_margin=&#8220;default&#8220; column_direction=&#8220;default&#8220; column_direction_tablet=&#8220;default&#8220; column_direction_phone=&#8220;default&#8220; scene_position=&#8220;center&#8220; text_color=&#8220;dark&#8220; text_align=&#8220;left&#8220; row_border_radius=&#8220;none&#8220; row_border_radius_applies=&#8220;bg&#8220; row_position_desktop=&#8220;default&#8220; row_position_tablet=&#8220;inherit&#8220; row_position_phone=&#8220;inherit&#8220; overflow=&#8220;visible&#8220; overlay_strength=&#8220;0.3&#8243; gradient_direction=&#8220;left_to_right&#8220; shape_divider_position=&#8220;bottom&#8220; bg_image_animation=&#8220;none&#8220;][vc_column column_padding=&#8220;no-extra-padding&#8220; column_padding_tablet=&#8220;inherit&#8220; column_padding_phone=&#8220;inherit&#8220; column_padding_position=&#8220;all&#8220; flex_gap_desktop=&#8220;10px&#8220; column_element_direction_desktop=&#8220;default&#8220; column_element_spacing=&#8220;default&#8220; desktop_text_alignment=&#8220;default&#8220; tablet_text_alignment=&#8220;default&#8220; phone_text_alignment=&#8220;default&#8220; background_color_opacity=&#8220;1&#8243; background_hover_color_opacity=&#8220;1&#8243; column_backdrop_filter=&#8220;none&#8220; column_shadow=&#8220;none&#8220; column_border_radius=&#8220;none&#8220; column_link_target=&#8220;_self&#8220; column_position=&#8220;default&#8220; gradient_direction=&#8220;left_to_right&#8220; overlay_strength=&#8220;0.3&#8243; width=&#8220;1\/1&#8243; tablet_width_inherit=&#8220;default&#8220; animation_type=&#8220;default&#8220; bg_image_animation=&#8220;none&#8220; border_type=&#8220;simple&#8220; column_border_width=&#8220;none&#8220; column_border_style=&#8220;solid&#8220;][divider line_type=&#8220;No Line&#8220; custom_height=&#8220;50&#8243;][image_with_animation image_url=&#8220;1188&#8243; image_size=&#8220;full&#8220; max_width=&#8220;100%&#8220; max_width_mobile=&#8220;default&#8220; animation_type=&#8220;entrance&#8220; animation=&#8220;Fade In&#8220; animation_easing=&#8220;default&#8220; animation_movement_type=&#8220;transform_y&#8220; hover_animation=&#8220;none&#8220; alignment=&#8220;center&#8220; border_radius=&#8220;none&#8220; box_shadow=&#8220;none&#8220; image_loading=&#8220;default&#8220;][vc_custom_heading text=&#8220;HERSTELLUNG EINES KACHELOFENS&#8220; font_container=&#8220;tag:h1|font_size:30|text_align:center|color:%23002561&#8243; use_theme_fonts=&#8220;yes&#8220;][divider line_type=&#8220;No Line&#8220; custom_height=&#8220;50&#8243;][vc_column_text]\n<h4 style=\"text-align: center;\"><span style=\"color: #003366;\">Der Herstellungsprozess ist handwerklich sehr anspruchsvoll und erfordert praktische Erfahrung und Wissen.<\/span><\/h4>\n[\/vc_column_text][divider line_type=&#8220;No Line&#8220; custom_height=&#8220;30&#8243;][vc_column_text]\n<p style=\"text-align: center;\"><span style=\"color: #003366;\">In Timmernabben an der K\u00fcste Sm\u00e5lands arbeiten seit mehr als 150\u00a0Jahren erfahrene Handwerker mit Keramik. Durch die handwerkliche Herstellung lassen sich Glasuren, Verzierungen und Abmessungen je nach Kundenwunsch leicht an jede Umgebung anpassen. Das Ziel ist es, Produkte von hoher Qualit\u00e4t, mit guter Funktion und k\u00fcnstlerischer Form herzustellen.<\/span><\/p>\n<p style=\"text-align: center;\"><span style=\"color: #003366;\">Der Kachelofen besteht aus drei Hauptteilen. Der W\u00e4rmespeicher, die Verkachelung und die Kassette. Wir stellen die Kacheln und den Rohbau selbst her. Die verschiedenen Komponenten f\u00fcr die Kassette stammen von Unterlieferanten und werden in unserem Werk montiert.<\/span><\/p>\n<p style=\"text-align: center;\"><span style=\"color: #003366;\">Die gro\u00dfe Herausforderung ist der keramische Teil in Form der Herstellung der Kacheln. Es erfordert viel Fachwissen und Erfahrung, denn Ton und Glasur sind zwei \u201elebende\u201c Materialien, die in Symbiose die Kacheln der Kachel\u00f6fen ergeben.<\/span><\/p>\n[\/vc_column_text][divider line_type=&#8220;No Line&#8220; custom_height=&#8220;50&#8243;][\/vc_column][\/vc_row][vc_row type=&#8220;full_width_background&#8220; full_screen_row_position=&#8220;middle&#8220; column_margin=&#8220;default&#8220; column_direction=&#8220;default&#8220; column_direction_tablet=&#8220;default&#8220; column_direction_phone=&#8220;default&#8220; bg_color=&#8220;#d8b97f&#8220; scene_position=&#8220;center&#8220; text_color=&#8220;dark&#8220; text_align=&#8220;left&#8220; row_border_radius=&#8220;none&#8220; row_border_radius_applies=&#8220;bg&#8220; row_position_desktop=&#8220;default&#8220; row_position_tablet=&#8220;inherit&#8220; row_position_phone=&#8220;inherit&#8220; overflow=&#8220;visible&#8220; overlay_strength=&#8220;0.3&#8243; gradient_direction=&#8220;left_to_right&#8220; shape_divider_position=&#8220;bottom&#8220; bg_image_animation=&#8220;none&#8220; shape_type=&#8220;&#8220;][vc_column column_padding=&#8220;no-extra-padding&#8220; column_padding_tablet=&#8220;inherit&#8220; column_padding_phone=&#8220;inherit&#8220; column_padding_position=&#8220;all&#8220; flex_gap_desktop=&#8220;10px&#8220; column_element_direction_desktop=&#8220;default&#8220; column_element_spacing=&#8220;default&#8220; desktop_text_alignment=&#8220;default&#8220; tablet_text_alignment=&#8220;default&#8220; phone_text_alignment=&#8220;default&#8220; background_color_opacity=&#8220;1&#8243; background_hover_color_opacity=&#8220;1&#8243; column_backdrop_filter=&#8220;none&#8220; column_shadow=&#8220;none&#8220; column_border_radius=&#8220;none&#8220; column_link_target=&#8220;_self&#8220; column_position=&#8220;default&#8220; gradient_direction=&#8220;left_to_right&#8220; overlay_strength=&#8220;0.3&#8243; width=&#8220;1\/1&#8243; tablet_width_inherit=&#8220;default&#8220; animation_type=&#8220;default&#8220; bg_image_animation=&#8220;none&#8220; border_type=&#8220;simple&#8220; column_border_width=&#8220;none&#8220; column_border_style=&#8220;solid&#8220;][divider line_type=&#8220;No Line&#8220; custom_height=&#8220;50&#8243;][vc_column_text]\n<h4 style=\"text-align: center;\">DIE DREI HAUPTTEILE IN DER PRODUKTION<\/h4>\n[\/vc_column_text][divider line_type=&#8220;No Line&#8220; custom_height=&#8220;50&#8243;][vc_gallery css=&#8220;&#8220; type=&#8220;image_grid&#8220; images=&#8220;7369,7366,7372&#8243; image_grid_loading=&#8220;default&#8220; layout=&#8220;3&#8243; item_spacing=&#8220;default&#8220; gallery_style=&#8220;7&#8243; load_in_animation=&#8220;none&#8220;][vc_row_inner column_margin=&#8220;default&#8220; column_direction=&#8220;default&#8220; column_direction_tablet=&#8220;default&#8220; column_direction_phone=&#8220;default&#8220; text_align=&#8220;left&#8220; row_position=&#8220;default&#8220; row_position_tablet=&#8220;inherit&#8220; row_position_phone=&#8220;inherit&#8220; overflow=&#8220;visible&#8220; pointer_events=&#8220;all&#8220;][vc_column_inner column_padding=&#8220;no-extra-padding&#8220; column_padding_tablet=&#8220;inherit&#8220; column_padding_phone=&#8220;inherit&#8220; column_padding_position=&#8220;all&#8220; flex_gap_desktop=&#8220;10px&#8220; column_element_direction_desktop=&#8220;default&#8220; column_element_spacing=&#8220;default&#8220; desktop_text_alignment=&#8220;default&#8220; tablet_text_alignment=&#8220;default&#8220; phone_text_alignment=&#8220;default&#8220; background_color_opacity=&#8220;1&#8243; background_hover_color_opacity=&#8220;1&#8243; column_backdrop_filter=&#8220;none&#8220; column_shadow=&#8220;none&#8220; column_border_radius=&#8220;none&#8220; column_link_target=&#8220;_self&#8220; overflow=&#8220;visible&#8220; gradient_direction=&#8220;left_to_right&#8220; overlay_strength=&#8220;0.3&#8243; width=&#8220;1\/3&#8243; tablet_width_inherit=&#8220;default&#8220; animation_type=&#8220;default&#8220; bg_image_animation=&#8220;none&#8220; border_type=&#8220;simple&#8220; column_border_width=&#8220;none&#8220; column_border_style=&#8220;solid&#8220;][vc_column_text]\n<h3 style=\"text-align: center;\">DER ROHBAU<\/h3>\n[\/vc_column_text][divider line_type=&#8220;No Line&#8220; custom_height=&#8220;30&#8243;][vc_column_text]\n<ul>\n<li>Der Rohbau eines Kachelofens wiegt ca.\u00a01200 kg und besteht aus ca. 40\u00a0Teilen, die aus einer speziellen w\u00e4rmespeichernden Betonmischung hergestellt werden.Die verschiedenen Teile werden in Formen gegossen und zum Vibrieren gebracht, um Lufteinschl\u00fcsse zu minimieren. Beim Abheben der Form werden die Teile zum Aush\u00e4rten auf eine Stellage gelegt.Nach 24\u00a0Stunden Aush\u00e4rtung werden die Teile gereinigt und poliert, um scharfe Kanten und andere Unregelm\u00e4\u00dfigkeiten zu beseitigen.Nach dem Aush\u00e4rten werden die Rahmenteile befeuchtet und in der Reihenfolge, in der diese montiert werden sollen, auf EU-Paletten gelegt.<\/li>\n<\/ul>\n[\/vc_column_text][\/vc_column_inner][vc_column_inner column_padding=&#8220;no-extra-padding&#8220; column_padding_tablet=&#8220;inherit&#8220; column_padding_phone=&#8220;inherit&#8220; column_padding_position=&#8220;all&#8220; flex_gap_desktop=&#8220;10px&#8220; column_element_direction_desktop=&#8220;default&#8220; column_element_spacing=&#8220;default&#8220; desktop_text_alignment=&#8220;default&#8220; tablet_text_alignment=&#8220;default&#8220; phone_text_alignment=&#8220;default&#8220; background_color_opacity=&#8220;1&#8243; background_hover_color_opacity=&#8220;1&#8243; column_backdrop_filter=&#8220;none&#8220; column_shadow=&#8220;none&#8220; column_border_radius=&#8220;none&#8220; column_link_target=&#8220;_self&#8220; overflow=&#8220;visible&#8220; gradient_direction=&#8220;left_to_right&#8220; overlay_strength=&#8220;0.3&#8243; width=&#8220;1\/3&#8243; tablet_width_inherit=&#8220;default&#8220; animation_type=&#8220;default&#8220; bg_image_animation=&#8220;none&#8220; border_type=&#8220;simple&#8220; column_border_width=&#8220;none&#8220; column_border_style=&#8220;solid&#8220;][vc_column_text]\n<h3 style=\"text-align: center;\">DIE VERKACHELUNG<\/h3>\n[\/vc_column_text][divider line_type=&#8220;No Line&#8220; custom_height=&#8220;30&#8243;][vc_column_text]\n<ul>\n<li>Der Ton wird gemischt und unter Vakuum durch eine D\u00fcse extrudiert, um jegliche Luft zu beseitigen. Er wird in St\u00fccke geschnitten und einen Tag lang unter Plastik gelegt.Nachdem der Ton geruht und die richtige Konsistenz hat, wird die Kachel extrudiert. Kronen und Fries werden feucht gepresst, Ecken und Ablagen werden gegossen. Die feuchtgepressten Teile werden sorgf\u00e4ltig von Hand gereinigt und poliert.Nun m\u00fcssen die Teile drei Tage getrocknet werden, um den Feuchtigkeitsgehalt zu reduzieren, bevor sie zum ersten Mal geschliffen und gebrannt werden.Nach dem Trocknen, Schleifen und ersten Brennen erfolgt abschlie\u00dfend das Glasieren, Dekorieren und ein zweites Brennen.<\/li>\n<\/ul>\n[\/vc_column_text][\/vc_column_inner][vc_column_inner column_padding=&#8220;no-extra-padding&#8220; column_padding_tablet=&#8220;inherit&#8220; column_padding_phone=&#8220;inherit&#8220; column_padding_position=&#8220;all&#8220; flex_gap_desktop=&#8220;10px&#8220; column_element_direction_desktop=&#8220;default&#8220; column_element_spacing=&#8220;default&#8220; desktop_text_alignment=&#8220;default&#8220; tablet_text_alignment=&#8220;default&#8220; phone_text_alignment=&#8220;default&#8220; background_color_opacity=&#8220;1&#8243; background_hover_color_opacity=&#8220;1&#8243; column_backdrop_filter=&#8220;none&#8220; column_shadow=&#8220;none&#8220; column_border_radius=&#8220;none&#8220; column_link_target=&#8220;_self&#8220; overflow=&#8220;visible&#8220; gradient_direction=&#8220;left_to_right&#8220; overlay_strength=&#8220;0.3&#8243; width=&#8220;1\/3&#8243; tablet_width_inherit=&#8220;default&#8220; animation_type=&#8220;default&#8220; bg_image_animation=&#8220;none&#8220; border_type=&#8220;simple&#8220; column_border_width=&#8220;none&#8220; column_border_style=&#8220;solid&#8220;][vc_column_text]\n<h3 style=\"text-align: center;\">DIE KASSETTE<\/h3>\n[\/vc_column_text][divider line_type=&#8220;No Line&#8220; custom_height=&#8220;30&#8243;][vc_column_text]Die verschiedenen Details der Kassette werden bei der Ankunft gepr\u00fcft und gelagert.<\/p>\n<p>Im ersten Schritt werden die gusseiserne T\u00fcr und die Kassette neu lackiert und das Gewinde gereinigt.<\/p>\n<p>An der Kassette werden die Rahmen aus Messing oder Edelstahl, Scharniere und Rauchschieber montiert.<\/p>\n<p>An den T\u00fcren werden Griffe, Glas und Dichtleisten montiert, die dann an der Kassette befestigt werden.<\/p>\n<p>Vermiculit wird ges\u00e4gt und in der Kassette montiert und die Au\u00dfent\u00fcren befestigt.<\/p>\n<p>Nach der Funktionskontrolle kleben wir die verschiedenen Aufkleber auf die nun fertige Kaminkassette.[\/vc_column_text][\/vc_column_inner][\/vc_row_inner][divider line_type=&#8220;No Line&#8220; custom_height=&#8220;50&#8243;][\/vc_column][\/vc_row]\n","protected":false},"excerpt":{"rendered":"<p>[vc_row type=&#8220;full_width_content&#8220; full_screen_row_position=&#8220;middle&#8220; column_margin=&#8220;default&#8220; column_direction=&#8220;default&#8220; column_direction_tablet=&#8220;default&#8220; column_direction_phone=&#8220;default&#8220; scene_position=&#8220;center&#8220; text_color=&#8220;dark&#8220; text_align=&#8220;left&#8220; row_border_radius=&#8220;none&#8220; row_border_radius_applies=&#8220;bg&#8220; row_position_desktop=&#8220;default&#8220; row_position_tablet=&#8220;inherit&#8220; row_position_phone=&#8220;inherit&#8220; overflow=&#8220;visible&#8220; overlay_strength=&#8220;0.3&#8243; gradient_direction=&#8220;left_to_right&#8220; shape_divider_position=&#8220;bottom&#8220; bg_image_animation=&#8220;none&#8220; shape_type=&#8220;&#8220;][vc_column column_padding=&#8220;no-extra-padding&#8220; column_padding_tablet=&#8220;inherit&#8220; column_padding_phone=&#8220;inherit&#8220; column_padding_position=&#8220;all&#8220;&#8230;<\/p>\n","protected":false},"author":1,"featured_media":0,"parent":0,"menu_order":0,"comment_status":"closed","ping_status":"closed","template":"","meta":{"footnotes":""},"class_list":["post-3775","page","type-page","status-publish"],"yoast_head":"<!-- This site is optimized with the Yoast SEO Premium plugin v22.7 (Yoast SEO v27.4) - https:\/\/yoast.com\/product\/yoast-seo-premium-wordpress\/ -->\n<title>Herstellung eines kachelofens - Gabriel kakelugnar<\/title>\n<meta name=\"robots\" content=\"index, follow, max-snippet:-1, max-image-preview:large, max-video-preview:-1\" \/>\n<link rel=\"canonical\" href=\"https:\/\/gabrielkakelugnar.com\/de\/herstellung-eines-kachelofens\/\" \/>\n<meta property=\"og:locale\" content=\"de_DE\" \/>\n<meta property=\"og:type\" content=\"article\" \/>\n<meta property=\"og:title\" content=\"Herstellung eines kachelofens\" \/>\n<meta property=\"og:description\" content=\"[vc_row type=&#8220;full_width_content&#8220; full_screen_row_position=&#8220;middle&#8220; column_margin=&#8220;default&#8220; column_direction=&#8220;default&#8220; column_direction_tablet=&#8220;default&#8220; column_direction_phone=&#8220;default&#8220; scene_position=&#8220;center&#8220; text_color=&#8220;dark&#8220; text_align=&#8220;left&#8220; row_border_radius=&#8220;none&#8220; row_border_radius_applies=&#8220;bg&#8220; row_position_desktop=&#8220;default&#8220; row_position_tablet=&#8220;inherit&#8220; row_position_phone=&#8220;inherit&#8220; overflow=&#8220;visible&#8220; overlay_strength=&#8220;0.3&#8243; gradient_direction=&#8220;left_to_right&#8220; shape_divider_position=&#8220;bottom&#8220; bg_image_animation=&#8220;none&#8220; shape_type=&#8220;&#8220;][vc_column column_padding=&#8220;no-extra-padding&#8220; column_padding_tablet=&#8220;inherit&#8220; column_padding_phone=&#8220;inherit&#8220; column_padding_position=&#8220;all&#8220;...\" \/>\n<meta property=\"og:url\" content=\"https:\/\/gabrielkakelugnar.com\/de\/herstellung-eines-kachelofens\/\" \/>\n<meta property=\"og:site_name\" content=\"Gabriel kakelugnar\" \/>\n<meta property=\"article:modified_time\" content=\"2026-03-05T11:58:10+00:00\" \/>\n<meta name=\"twitter:card\" content=\"summary_large_image\" \/>\n<meta name=\"twitter:label1\" content=\"Gesch\u00e4tzte Lesezeit\" \/>\n\t<meta name=\"twitter:data1\" content=\"3\u00a0Minuten\" \/>\n<script type=\"application\/ld+json\" class=\"yoast-schema-graph\">{\"@context\":\"https:\\\/\\\/schema.org\",\"@graph\":[{\"@type\":\"WebPage\",\"@id\":\"https:\\\/\\\/gabrielkakelugnar.com\\\/de\\\/herstellung-eines-kachelofens\\\/\",\"url\":\"https:\\\/\\\/gabrielkakelugnar.com\\\/de\\\/herstellung-eines-kachelofens\\\/\",\"name\":\"Herstellung eines kachelofens - Gabriel kakelugnar\",\"isPartOf\":{\"@id\":\"https:\\\/\\\/gabrielkakelugnar.com\\\/#website\"},\"datePublished\":\"2021-03-26T11:53:05+00:00\",\"dateModified\":\"2026-03-05T11:58:10+00:00\",\"breadcrumb\":{\"@id\":\"https:\\\/\\\/gabrielkakelugnar.com\\\/de\\\/herstellung-eines-kachelofens\\\/#breadcrumb\"},\"inLanguage\":\"de\",\"potentialAction\":[{\"@type\":\"ReadAction\",\"target\":[\"https:\\\/\\\/gabrielkakelugnar.com\\\/de\\\/herstellung-eines-kachelofens\\\/\"]}]},{\"@type\":\"BreadcrumbList\",\"@id\":\"https:\\\/\\\/gabrielkakelugnar.com\\\/de\\\/herstellung-eines-kachelofens\\\/#breadcrumb\",\"itemListElement\":[{\"@type\":\"ListItem\",\"position\":1,\"name\":\"Hem\",\"item\":\"https:\\\/\\\/gabrielkakelugnar.com\\\/de\\\/\"},{\"@type\":\"ListItem\",\"position\":2,\"name\":\"Herstellung eines kachelofens\"}]},{\"@type\":\"WebSite\",\"@id\":\"https:\\\/\\\/gabrielkakelugnar.com\\\/#website\",\"url\":\"https:\\\/\\\/gabrielkakelugnar.com\\\/\",\"name\":\"Gabriel kakelugnar\",\"description\":\"Warmth through generations\",\"publisher\":{\"@id\":\"https:\\\/\\\/gabrielkakelugnar.com\\\/#organization\"},\"potentialAction\":[{\"@type\":\"SearchAction\",\"target\":{\"@type\":\"EntryPoint\",\"urlTemplate\":\"https:\\\/\\\/gabrielkakelugnar.com\\\/?s={search_term_string}\"},\"query-input\":{\"@type\":\"PropertyValueSpecification\",\"valueRequired\":true,\"valueName\":\"search_term_string\"}}],\"inLanguage\":\"de\"},{\"@type\":\"Organization\",\"@id\":\"https:\\\/\\\/gabrielkakelugnar.com\\\/#organization\",\"name\":\"GABRIEL KAKELUGNAR AB\",\"url\":\"https:\\\/\\\/gabrielkakelugnar.com\\\/\",\"logo\":{\"@type\":\"ImageObject\",\"inLanguage\":\"de\",\"@id\":\"https:\\\/\\\/gabrielkakelugnar.com\\\/#\\\/schema\\\/logo\\\/image\\\/\",\"url\":\"https:\\\/\\\/gabrielkakelugnar.com\\\/wp-content\\\/uploads\\\/2021\\\/05\\\/Gabriel-Logotype.png\",\"contentUrl\":\"https:\\\/\\\/gabrielkakelugnar.com\\\/wp-content\\\/uploads\\\/2021\\\/05\\\/Gabriel-Logotype.png\",\"width\":1065,\"height\":801,\"caption\":\"GABRIEL KAKELUGNAR AB\"},\"image\":{\"@id\":\"https:\\\/\\\/gabrielkakelugnar.com\\\/#\\\/schema\\\/logo\\\/image\\\/\"}}]}<\/script>\n<!-- \/ Yoast SEO Premium plugin. -->","yoast_head_json":{"title":"Herstellung eines kachelofens - Gabriel kakelugnar","robots":{"index":"index","follow":"follow","max-snippet":"max-snippet:-1","max-image-preview":"max-image-preview:large","max-video-preview":"max-video-preview:-1"},"canonical":"https:\/\/gabrielkakelugnar.com\/de\/herstellung-eines-kachelofens\/","og_locale":"de_DE","og_type":"article","og_title":"Herstellung eines kachelofens","og_description":"[vc_row type=&#8220;full_width_content&#8220; full_screen_row_position=&#8220;middle&#8220; column_margin=&#8220;default&#8220; column_direction=&#8220;default&#8220; column_direction_tablet=&#8220;default&#8220; column_direction_phone=&#8220;default&#8220; scene_position=&#8220;center&#8220; text_color=&#8220;dark&#8220; text_align=&#8220;left&#8220; row_border_radius=&#8220;none&#8220; row_border_radius_applies=&#8220;bg&#8220; row_position_desktop=&#8220;default&#8220; row_position_tablet=&#8220;inherit&#8220; row_position_phone=&#8220;inherit&#8220; overflow=&#8220;visible&#8220; overlay_strength=&#8220;0.3&#8243; gradient_direction=&#8220;left_to_right&#8220; shape_divider_position=&#8220;bottom&#8220; bg_image_animation=&#8220;none&#8220; shape_type=&#8220;&#8220;][vc_column column_padding=&#8220;no-extra-padding&#8220; column_padding_tablet=&#8220;inherit&#8220; column_padding_phone=&#8220;inherit&#8220; column_padding_position=&#8220;all&#8220;...","og_url":"https:\/\/gabrielkakelugnar.com\/de\/herstellung-eines-kachelofens\/","og_site_name":"Gabriel kakelugnar","article_modified_time":"2026-03-05T11:58:10+00:00","twitter_card":"summary_large_image","twitter_misc":{"Gesch\u00e4tzte Lesezeit":"3\u00a0Minuten"},"schema":{"@context":"https:\/\/schema.org","@graph":[{"@type":"WebPage","@id":"https:\/\/gabrielkakelugnar.com\/de\/herstellung-eines-kachelofens\/","url":"https:\/\/gabrielkakelugnar.com\/de\/herstellung-eines-kachelofens\/","name":"Herstellung eines kachelofens - Gabriel kakelugnar","isPartOf":{"@id":"https:\/\/gabrielkakelugnar.com\/#website"},"datePublished":"2021-03-26T11:53:05+00:00","dateModified":"2026-03-05T11:58:10+00:00","breadcrumb":{"@id":"https:\/\/gabrielkakelugnar.com\/de\/herstellung-eines-kachelofens\/#breadcrumb"},"inLanguage":"de","potentialAction":[{"@type":"ReadAction","target":["https:\/\/gabrielkakelugnar.com\/de\/herstellung-eines-kachelofens\/"]}]},{"@type":"BreadcrumbList","@id":"https:\/\/gabrielkakelugnar.com\/de\/herstellung-eines-kachelofens\/#breadcrumb","itemListElement":[{"@type":"ListItem","position":1,"name":"Hem","item":"https:\/\/gabrielkakelugnar.com\/de\/"},{"@type":"ListItem","position":2,"name":"Herstellung eines kachelofens"}]},{"@type":"WebSite","@id":"https:\/\/gabrielkakelugnar.com\/#website","url":"https:\/\/gabrielkakelugnar.com\/","name":"Gabriel kakelugnar","description":"Warmth through generations","publisher":{"@id":"https:\/\/gabrielkakelugnar.com\/#organization"},"potentialAction":[{"@type":"SearchAction","target":{"@type":"EntryPoint","urlTemplate":"https:\/\/gabrielkakelugnar.com\/?s={search_term_string}"},"query-input":{"@type":"PropertyValueSpecification","valueRequired":true,"valueName":"search_term_string"}}],"inLanguage":"de"},{"@type":"Organization","@id":"https:\/\/gabrielkakelugnar.com\/#organization","name":"GABRIEL KAKELUGNAR AB","url":"https:\/\/gabrielkakelugnar.com\/","logo":{"@type":"ImageObject","inLanguage":"de","@id":"https:\/\/gabrielkakelugnar.com\/#\/schema\/logo\/image\/","url":"https:\/\/gabrielkakelugnar.com\/wp-content\/uploads\/2021\/05\/Gabriel-Logotype.png","contentUrl":"https:\/\/gabrielkakelugnar.com\/wp-content\/uploads\/2021\/05\/Gabriel-Logotype.png","width":1065,"height":801,"caption":"GABRIEL KAKELUGNAR AB"},"image":{"@id":"https:\/\/gabrielkakelugnar.com\/#\/schema\/logo\/image\/"}}]}},"_links":{"self":[{"href":"https:\/\/gabrielkakelugnar.com\/de\/wp-json\/wp\/v2\/pages\/3775","targetHints":{"allow":["GET"]}}],"collection":[{"href":"https:\/\/gabrielkakelugnar.com\/de\/wp-json\/wp\/v2\/pages"}],"about":[{"href":"https:\/\/gabrielkakelugnar.com\/de\/wp-json\/wp\/v2\/types\/page"}],"author":[{"embeddable":true,"href":"https:\/\/gabrielkakelugnar.com\/de\/wp-json\/wp\/v2\/users\/1"}],"replies":[{"embeddable":true,"href":"https:\/\/gabrielkakelugnar.com\/de\/wp-json\/wp\/v2\/comments?post=3775"}],"version-history":[{"count":7,"href":"https:\/\/gabrielkakelugnar.com\/de\/wp-json\/wp\/v2\/pages\/3775\/revisions"}],"predecessor-version":[{"id":7384,"href":"https:\/\/gabrielkakelugnar.com\/de\/wp-json\/wp\/v2\/pages\/3775\/revisions\/7384"}],"wp:attachment":[{"href":"https:\/\/gabrielkakelugnar.com\/de\/wp-json\/wp\/v2\/media?parent=3775"}],"curies":[{"name":"wp","href":"https:\/\/api.w.org\/{rel}","templated":true}]}}