{"id":3886,"date":"2021-03-16T09:14:23","date_gmt":"2021-03-16T09:14:23","guid":{"rendered":"https:\/\/gabrielkakelugnar.com\/rektangulara-kakelugnar\/"},"modified":"2023-06-28T11:50:22","modified_gmt":"2023-06-28T11:50:22","slug":"rechteckige-kachelofen","status":"publish","type":"page","link":"https:\/\/gabrielkakelugnar.com\/de\/rechteckige-kachelofen\/","title":{"rendered":"Rechteckige kachel\u00f6fen"},"content":{"rendered":"[vc_row type=&#8220;in_container&#8220; full_screen_row_position=&#8220;middle&#8220; column_margin=&#8220;default&#8220; column_direction=&#8220;default&#8220; column_direction_tablet=&#8220;default&#8220; column_direction_phone=&#8220;default&#8220; scene_position=&#8220;center&#8220; text_color=&#8220;dark&#8220; text_align=&#8220;left&#8220; row_border_radius=&#8220;none&#8220; row_border_radius_applies=&#8220;bg&#8220; overlay_strength=&#8220;0.3&#8243; gradient_direction=&#8220;left_to_right&#8220; shape_divider_position=&#8220;bottom&#8220; bg_image_animation=&#8220;none&#8220;][vc_column column_padding=&#8220;no-extra-padding&#8220; column_padding_tablet=&#8220;inherit&#8220; column_padding_phone=&#8220;inherit&#8220; column_padding_position=&#8220;all&#8220; column_element_spacing=&#8220;default&#8220; background_color_opacity=&#8220;1&#8243; background_hover_color_opacity=&#8220;1&#8243; column_shadow=&#8220;none&#8220; column_border_radius=&#8220;none&#8220; column_link_target=&#8220;_self&#8220; gradient_direction=&#8220;left_to_right&#8220; overlay_strength=&#8220;0.3&#8243; width=&#8220;1\/1&#8243; tablet_width_inherit=&#8220;default&#8220; tablet_text_alignment=&#8220;default&#8220; phone_text_alignment=&#8220;default&#8220; bg_image_animation=&#8220;none&#8220; border_type=&#8220;simple&#8220; column_border_width=&#8220;none&#8220; column_border_style=&#8220;solid&#8220;][vc_row_inner column_margin=&#8220;default&#8220; column_direction=&#8220;default&#8220; column_direction_tablet=&#8220;default&#8220; column_direction_phone=&#8220;default&#8220; text_align=&#8220;left&#8220;][vc_column_inner column_padding=&#8220;no-extra-padding&#8220; column_padding_tablet=&#8220;inherit&#8220; column_padding_phone=&#8220;inherit&#8220; column_padding_position=&#8220;all&#8220; column_element_spacing=&#8220;default&#8220; background_color_opacity=&#8220;1&#8243; background_hover_color_opacity=&#8220;1&#8243; column_shadow=&#8220;none&#8220; column_border_radius=&#8220;none&#8220; column_link_target=&#8220;_self&#8220; gradient_direction=&#8220;left_to_right&#8220; overlay_strength=&#8220;0.3&#8243; width=&#8220;1\/6&#8243; tablet_width_inherit=&#8220;default&#8220; bg_image_animation=&#8220;none&#8220; border_type=&#8220;simple&#8220; column_border_width=&#8220;none&#8220; column_border_style=&#8220;solid&#8220;][\/vc_column_inner][vc_column_inner column_padding=&#8220;no-extra-padding&#8220; column_padding_tablet=&#8220;inherit&#8220; column_padding_phone=&#8220;inherit&#8220; column_padding_position=&#8220;all&#8220; column_element_spacing=&#8220;default&#8220; background_color_opacity=&#8220;1&#8243; background_hover_color_opacity=&#8220;1&#8243; column_shadow=&#8220;none&#8220; column_border_radius=&#8220;none&#8220; column_link_target=&#8220;_self&#8220; gradient_direction=&#8220;left_to_right&#8220; overlay_strength=&#8220;0.3&#8243; width=&#8220;2\/3&#8243; tablet_width_inherit=&#8220;default&#8220; bg_image_animation=&#8220;none&#8220; border_type=&#8220;simple&#8220; column_border_width=&#8220;none&#8220; column_border_style=&#8220;solid&#8220;][divider line_type=&#8220;No Line&#8220;][vc_column_text]\n<h2 style=\"text-align: center;\"><span style=\"color: #003366;\">RECHTECKIGE KACHEL\u00d6FEN<br \/>\n<\/span><\/h2>\n[\/vc_column_text][divider line_type=&#8220;No Line&#8220;][vc_column_text]\n<p style=\"text-align: center;\">Reisen Sie durch die Zeit und stellen Sie sich handbemalte Tapeten, rustikale B\u00f6den und den Duft von gegrillten \u00c4pfeln vor. In der zweiten H\u00e4lfte des 18. Jahrhunderts wurde der f\u00fcnfkanalige Kachelofen von den Architekten Carl Johan Cronstedt und General Fabian Wrede entwickelt. Damals waren es nur wenige, aber heute kann es sich jeder leisten, die W\u00e4rme und das herrliche Feuergef\u00fchl eines Kachelofens zu genie\u00dfen. Gabriels Klassiker greifen die Formensprache \u00e4lterer Kachel\u00f6fen auf und erf\u00fcllen gleichzeitig die heutigen Anspr\u00fcche an Effizienz und Funktion.<\/p>\n[\/vc_column_text][divider line_type=&#8220;No Line&#8220;][\/vc_column_inner][vc_column_inner column_padding=&#8220;no-extra-padding&#8220; column_padding_tablet=&#8220;inherit&#8220; column_padding_phone=&#8220;inherit&#8220; column_padding_position=&#8220;all&#8220; column_element_spacing=&#8220;default&#8220; background_color_opacity=&#8220;1&#8243; background_hover_color_opacity=&#8220;1&#8243; column_shadow=&#8220;none&#8220; column_border_radius=&#8220;none&#8220; column_link_target=&#8220;_self&#8220; gradient_direction=&#8220;left_to_right&#8220; overlay_strength=&#8220;0.3&#8243; width=&#8220;1\/6&#8243; tablet_width_inherit=&#8220;default&#8220; bg_image_animation=&#8220;none&#8220; border_type=&#8220;simple&#8220; column_border_width=&#8220;none&#8220; column_border_style=&#8220;solid&#8220;][\/vc_column_inner][\/vc_row_inner]\n\n\n\t\t\t\t<div class=\"portfolio-wrap \">\n\n\t\t\t\t\t\n\t\t\t\t\t<span class=\"portfolio-loading  spin\">   <\/span>\n\n\t\t\t\t\t\n\t\t\t\t\t<div class=\"row portfolio-items no-masonry  \" data-rcp=\"false\" data-masonry-type=\"default\" data-ps=\"9\" data-starting-filter=\"\" data-gutter=\"default\" data-categories-to-show=\"rechteckig-de\" data-bypass-cropping=\"true\" data-lightbox-only=\"0\" data-col-num=\"cols-3\">\n\t\t\t\t\t\t\n\t\t\t\t\t\t\n\t\t\t\t\t\t<div class=\"col span_4  element klassisch-de rechteckig-de \"  data-project-cat=\"klassisch-de rechteckig-de \" data-default-color=\"true\" data-title-color=\"\" data-subtitle-color=\"\">\n\n\t\t\t\t\t\t\t<div class=\"inner-wrap animated\" data-animation=\"none\">\n\n\t\t\t\t\t\t\t\t\n\t\t\t\t\t\t\t\t\t<div class=\"work-item style-1\" data-custom-content=\"off\">\n\n\t\t\t\t\t\t\t\t\t\t<img loading=\"lazy\" decoding=\"async\" class=\"size- skip-lazy\" src=\"https:\/\/gabrielkakelugnar.com\/wp-content\/uploads\/2021\/03\/Kungalv_gabriel_kakelugnar_thumb.jpg\" alt=\"\" height=\"1024\" width=\"1024\" srcset=\"https:\/\/gabrielkakelugnar.com\/wp-content\/uploads\/2021\/03\/Kungalv_gabriel_kakelugnar_thumb.jpg 1024w, https:\/\/gabrielkakelugnar.com\/wp-content\/uploads\/2021\/03\/Kungalv_gabriel_kakelugnar_thumb-300x300.jpg 300w, https:\/\/gabrielkakelugnar.com\/wp-content\/uploads\/2021\/03\/Kungalv_gabriel_kakelugnar_thumb-150x150.jpg 150w, https:\/\/gabrielkakelugnar.com\/wp-content\/uploads\/2021\/03\/Kungalv_gabriel_kakelugnar_thumb-768x768.jpg 768w, https:\/\/gabrielkakelugnar.com\/wp-content\/uploads\/2021\/03\/Kungalv_gabriel_kakelugnar_thumb-100x100.jpg 100w, https:\/\/gabrielkakelugnar.com\/wp-content\/uploads\/2021\/03\/Kungalv_gabriel_kakelugnar_thumb-140x140.jpg 140w, https:\/\/gabrielkakelugnar.com\/wp-content\/uploads\/2021\/03\/Kungalv_gabriel_kakelugnar_thumb-500x500.jpg 500w, https:\/\/gabrielkakelugnar.com\/wp-content\/uploads\/2021\/03\/Kungalv_gabriel_kakelugnar_thumb-350x350.jpg 350w, https:\/\/gabrielkakelugnar.com\/wp-content\/uploads\/2021\/03\/Kungalv_gabriel_kakelugnar_thumb-1000x1000.jpg 1000w, https:\/\/gabrielkakelugnar.com\/wp-content\/uploads\/2021\/03\/Kungalv_gabriel_kakelugnar_thumb-800x800.jpg 800w, https:\/\/gabrielkakelugnar.com\/wp-content\/uploads\/2021\/03\/Kungalv_gabriel_kakelugnar_thumb-24x24.jpg 24w, https:\/\/gabrielkakelugnar.com\/wp-content\/uploads\/2021\/03\/Kungalv_gabriel_kakelugnar_thumb-36x36.jpg 36w, https:\/\/gabrielkakelugnar.com\/wp-content\/uploads\/2021\/03\/Kungalv_gabriel_kakelugnar_thumb-48x48.jpg 48w\" sizes=\"auto, (min-width: 1000px) 33.3vw, (min-width: 690px) 50vw, 100vw\" \/>\n\n\t\t\t\t\t\t\t\t\t\t<div class=\"work-info\">\n\n\n\t\t\t\t\t\t\t\t\t\t\t\n\t\t\t\t\t\t\t\t\t\t\t\t<a href=\"https:\/\/gabrielkakelugnar.com\/de\/kakelugnar\/kungalv\/\"><span class=\"screen-reader-text\">Kung\u00e4lv<\/span><\/a>\n\n\t\t\t\t\t\t\t\t\t\t\t\n\n\t\t\t\t\t\t\t\t\t\t<\/div>\n\n\t\t\t\t\t\t\t\t\t<\/div><!--work-item-->\n\n\t\t\t\t\t\t\t\t\t<div class=\"work-meta\">\n\t\t\t\t\t\t\t\t\t\t<h4 class=\"title\">Kung\u00e4lv<\/h4>\n\n\t\t\t\t\t\t\t\t\t\t\n\t\t\t\t\t\t\t\t\t<\/div>\n\n\n\t\t\t\t\t\t\t\t\n\n\t\t\t\t\t\t\t<\/div><!--\/inner-wrap-->\n\t\t\t\t\t\t<\/div><!--\/col-->\n\n\t\t\t\t\t\n\t\t\t\t\t\t\n\t\t\t\t\t\t<div class=\"col span_4  element klassisch-de rechteckig-de \"  data-project-cat=\"klassisch-de rechteckig-de \" data-default-color=\"true\" data-title-color=\"\" data-subtitle-color=\"\">\n\n\t\t\t\t\t\t\t<div class=\"inner-wrap animated\" data-animation=\"none\">\n\n\t\t\t\t\t\t\t\t\n\t\t\t\t\t\t\t\t\t<div class=\"work-item style-1\" data-custom-content=\"off\">\n\n\t\t\t\t\t\t\t\t\t\t<img loading=\"lazy\" decoding=\"async\" class=\"size- skip-lazy\" src=\"https:\/\/gabrielkakelugnar.com\/wp-content\/uploads\/2021\/03\/Ekeby_gabriel_kakelugnar_thumb.jpg\" alt=\"\" height=\"1024\" width=\"1024\" srcset=\"https:\/\/gabrielkakelugnar.com\/wp-content\/uploads\/2021\/03\/Ekeby_gabriel_kakelugnar_thumb.jpg 1024w, https:\/\/gabrielkakelugnar.com\/wp-content\/uploads\/2021\/03\/Ekeby_gabriel_kakelugnar_thumb-300x300.jpg 300w, https:\/\/gabrielkakelugnar.com\/wp-content\/uploads\/2021\/03\/Ekeby_gabriel_kakelugnar_thumb-150x150.jpg 150w, https:\/\/gabrielkakelugnar.com\/wp-content\/uploads\/2021\/03\/Ekeby_gabriel_kakelugnar_thumb-768x768.jpg 768w, https:\/\/gabrielkakelugnar.com\/wp-content\/uploads\/2021\/03\/Ekeby_gabriel_kakelugnar_thumb-100x100.jpg 100w, https:\/\/gabrielkakelugnar.com\/wp-content\/uploads\/2021\/03\/Ekeby_gabriel_kakelugnar_thumb-140x140.jpg 140w, https:\/\/gabrielkakelugnar.com\/wp-content\/uploads\/2021\/03\/Ekeby_gabriel_kakelugnar_thumb-500x500.jpg 500w, https:\/\/gabrielkakelugnar.com\/wp-content\/uploads\/2021\/03\/Ekeby_gabriel_kakelugnar_thumb-350x350.jpg 350w, https:\/\/gabrielkakelugnar.com\/wp-content\/uploads\/2021\/03\/Ekeby_gabriel_kakelugnar_thumb-1000x1000.jpg 1000w, https:\/\/gabrielkakelugnar.com\/wp-content\/uploads\/2021\/03\/Ekeby_gabriel_kakelugnar_thumb-800x800.jpg 800w, https:\/\/gabrielkakelugnar.com\/wp-content\/uploads\/2021\/03\/Ekeby_gabriel_kakelugnar_thumb-24x24.jpg 24w, https:\/\/gabrielkakelugnar.com\/wp-content\/uploads\/2021\/03\/Ekeby_gabriel_kakelugnar_thumb-36x36.jpg 36w, https:\/\/gabrielkakelugnar.com\/wp-content\/uploads\/2021\/03\/Ekeby_gabriel_kakelugnar_thumb-48x48.jpg 48w\" sizes=\"auto, (min-width: 1000px) 33.3vw, (min-width: 690px) 50vw, 100vw\" \/>\n\n\t\t\t\t\t\t\t\t\t\t<div class=\"work-info\">\n\n\n\t\t\t\t\t\t\t\t\t\t\t\n\t\t\t\t\t\t\t\t\t\t\t\t<a href=\"https:\/\/gabrielkakelugnar.com\/de\/kakelugnar\/ekeby\/\"><span class=\"screen-reader-text\">Ekeby<\/span><\/a>\n\n\t\t\t\t\t\t\t\t\t\t\t\n\n\t\t\t\t\t\t\t\t\t\t<\/div>\n\n\t\t\t\t\t\t\t\t\t<\/div><!--work-item-->\n\n\t\t\t\t\t\t\t\t\t<div class=\"work-meta\">\n\t\t\t\t\t\t\t\t\t\t<h4 class=\"title\">Ekeby<\/h4>\n\n\t\t\t\t\t\t\t\t\t\t\n\t\t\t\t\t\t\t\t\t<\/div>\n\n\n\t\t\t\t\t\t\t\t\n\n\t\t\t\t\t\t\t<\/div><!--\/inner-wrap-->\n\t\t\t\t\t\t<\/div><!--\/col-->\n\n\t\t\t\t\t\n\t\t\t\t\t\t\n\t\t\t\t\t\t<div class=\"col span_4  element klassisch-de rechteckig-de \"  data-project-cat=\"klassisch-de rechteckig-de \" data-default-color=\"true\" data-title-color=\"\" data-subtitle-color=\"\">\n\n\t\t\t\t\t\t\t<div class=\"inner-wrap animated\" data-animation=\"none\">\n\n\t\t\t\t\t\t\t\t\n\t\t\t\t\t\t\t\t\t<div class=\"work-item style-1\" data-custom-content=\"off\">\n\n\t\t\t\t\t\t\t\t\t\t<img loading=\"lazy\" decoding=\"async\" class=\"size- skip-lazy\" src=\"https:\/\/gabrielkakelugnar.com\/wp-content\/uploads\/2021\/03\/Borgholm_gabriel_kakelugnar_thumb.jpg\" alt=\"\" height=\"1024\" width=\"1024\" srcset=\"https:\/\/gabrielkakelugnar.com\/wp-content\/uploads\/2021\/03\/Borgholm_gabriel_kakelugnar_thumb.jpg 1024w, https:\/\/gabrielkakelugnar.com\/wp-content\/uploads\/2021\/03\/Borgholm_gabriel_kakelugnar_thumb-300x300.jpg 300w, https:\/\/gabrielkakelugnar.com\/wp-content\/uploads\/2021\/03\/Borgholm_gabriel_kakelugnar_thumb-150x150.jpg 150w, https:\/\/gabrielkakelugnar.com\/wp-content\/uploads\/2021\/03\/Borgholm_gabriel_kakelugnar_thumb-768x768.jpg 768w, https:\/\/gabrielkakelugnar.com\/wp-content\/uploads\/2021\/03\/Borgholm_gabriel_kakelugnar_thumb-100x100.jpg 100w, https:\/\/gabrielkakelugnar.com\/wp-content\/uploads\/2021\/03\/Borgholm_gabriel_kakelugnar_thumb-140x140.jpg 140w, https:\/\/gabrielkakelugnar.com\/wp-content\/uploads\/2021\/03\/Borgholm_gabriel_kakelugnar_thumb-500x500.jpg 500w, https:\/\/gabrielkakelugnar.com\/wp-content\/uploads\/2021\/03\/Borgholm_gabriel_kakelugnar_thumb-350x350.jpg 350w, https:\/\/gabrielkakelugnar.com\/wp-content\/uploads\/2021\/03\/Borgholm_gabriel_kakelugnar_thumb-1000x1000.jpg 1000w, https:\/\/gabrielkakelugnar.com\/wp-content\/uploads\/2021\/03\/Borgholm_gabriel_kakelugnar_thumb-800x800.jpg 800w, https:\/\/gabrielkakelugnar.com\/wp-content\/uploads\/2021\/03\/Borgholm_gabriel_kakelugnar_thumb-24x24.jpg 24w, https:\/\/gabrielkakelugnar.com\/wp-content\/uploads\/2021\/03\/Borgholm_gabriel_kakelugnar_thumb-36x36.jpg 36w, https:\/\/gabrielkakelugnar.com\/wp-content\/uploads\/2021\/03\/Borgholm_gabriel_kakelugnar_thumb-48x48.jpg 48w\" sizes=\"auto, (min-width: 1000px) 33.3vw, (min-width: 690px) 50vw, 100vw\" \/>\n\n\t\t\t\t\t\t\t\t\t\t<div class=\"work-info\">\n\n\n\t\t\t\t\t\t\t\t\t\t\t\n\t\t\t\t\t\t\t\t\t\t\t\t<a href=\"https:\/\/gabrielkakelugnar.com\/de\/kakelugnar\/borgholm\/\"><span class=\"screen-reader-text\">Borgholm<\/span><\/a>\n\n\t\t\t\t\t\t\t\t\t\t\t\n\n\t\t\t\t\t\t\t\t\t\t<\/div>\n\n\t\t\t\t\t\t\t\t\t<\/div><!--work-item-->\n\n\t\t\t\t\t\t\t\t\t<div class=\"work-meta\">\n\t\t\t\t\t\t\t\t\t\t<h4 class=\"title\">Borgholm<\/h4>\n\n\t\t\t\t\t\t\t\t\t\t\n\t\t\t\t\t\t\t\t\t<\/div>\n\n\n\t\t\t\t\t\t\t\t\n\n\t\t\t\t\t\t\t<\/div><!--\/inner-wrap-->\n\t\t\t\t\t\t<\/div><!--\/col-->\n\n\t\t\t\t\t\n\t\t\t\t\t\t\n\t\t\t\t\t\t<div class=\"col span_4  element klassisch-de rechteckig-de \"  data-project-cat=\"klassisch-de rechteckig-de \" data-default-color=\"true\" data-title-color=\"\" data-subtitle-color=\"\">\n\n\t\t\t\t\t\t\t<div class=\"inner-wrap animated\" data-animation=\"none\">\n\n\t\t\t\t\t\t\t\t\n\t\t\t\t\t\t\t\t\t<div class=\"work-item style-1\" data-custom-content=\"off\">\n\n\t\t\t\t\t\t\t\t\t\t<img loading=\"lazy\" decoding=\"async\" class=\"size- skip-lazy\" src=\"https:\/\/gabrielkakelugnar.com\/wp-content\/uploads\/2021\/03\/Stromsrum_gabriel_kakelugnar_thumb.jpg\" alt=\"\" height=\"1024\" width=\"1024\" srcset=\"https:\/\/gabrielkakelugnar.com\/wp-content\/uploads\/2021\/03\/Stromsrum_gabriel_kakelugnar_thumb.jpg 1024w, https:\/\/gabrielkakelugnar.com\/wp-content\/uploads\/2021\/03\/Stromsrum_gabriel_kakelugnar_thumb-300x300.jpg 300w, https:\/\/gabrielkakelugnar.com\/wp-content\/uploads\/2021\/03\/Stromsrum_gabriel_kakelugnar_thumb-150x150.jpg 150w, https:\/\/gabrielkakelugnar.com\/wp-content\/uploads\/2021\/03\/Stromsrum_gabriel_kakelugnar_thumb-768x768.jpg 768w, https:\/\/gabrielkakelugnar.com\/wp-content\/uploads\/2021\/03\/Stromsrum_gabriel_kakelugnar_thumb-100x100.jpg 100w, https:\/\/gabrielkakelugnar.com\/wp-content\/uploads\/2021\/03\/Stromsrum_gabriel_kakelugnar_thumb-140x140.jpg 140w, https:\/\/gabrielkakelugnar.com\/wp-content\/uploads\/2021\/03\/Stromsrum_gabriel_kakelugnar_thumb-500x500.jpg 500w, https:\/\/gabrielkakelugnar.com\/wp-content\/uploads\/2021\/03\/Stromsrum_gabriel_kakelugnar_thumb-350x350.jpg 350w, https:\/\/gabrielkakelugnar.com\/wp-content\/uploads\/2021\/03\/Stromsrum_gabriel_kakelugnar_thumb-1000x1000.jpg 1000w, https:\/\/gabrielkakelugnar.com\/wp-content\/uploads\/2021\/03\/Stromsrum_gabriel_kakelugnar_thumb-800x800.jpg 800w, https:\/\/gabrielkakelugnar.com\/wp-content\/uploads\/2021\/03\/Stromsrum_gabriel_kakelugnar_thumb-24x24.jpg 24w, https:\/\/gabrielkakelugnar.com\/wp-content\/uploads\/2021\/03\/Stromsrum_gabriel_kakelugnar_thumb-36x36.jpg 36w, https:\/\/gabrielkakelugnar.com\/wp-content\/uploads\/2021\/03\/Stromsrum_gabriel_kakelugnar_thumb-48x48.jpg 48w\" sizes=\"auto, (min-width: 1000px) 33.3vw, (min-width: 690px) 50vw, 100vw\" \/>\n\n\t\t\t\t\t\t\t\t\t\t<div class=\"work-info\">\n\n\n\t\t\t\t\t\t\t\t\t\t\t\n\t\t\t\t\t\t\t\t\t\t\t\t<a href=\"https:\/\/gabrielkakelugnar.com\/de\/kakelugnar\/stromsrum\/\"><span class=\"screen-reader-text\">Str\u00f6msrum<\/span><\/a>\n\n\t\t\t\t\t\t\t\t\t\t\t\n\n\t\t\t\t\t\t\t\t\t\t<\/div>\n\n\t\t\t\t\t\t\t\t\t<\/div><!--work-item-->\n\n\t\t\t\t\t\t\t\t\t<div class=\"work-meta\">\n\t\t\t\t\t\t\t\t\t\t<h4 class=\"title\">Str\u00f6msrum<\/h4>\n\n\t\t\t\t\t\t\t\t\t\t\n\t\t\t\t\t\t\t\t\t<\/div>\n\n\n\t\t\t\t\t\t\t\t\n\n\t\t\t\t\t\t\t<\/div><!--\/inner-wrap-->\n\t\t\t\t\t\t<\/div><!--\/col-->\n\n\t\t\t\t\t\n\t\t\t\t<\/div><!--\/portfolio-->\n\t\t\t<\/div><!--\/portfolio wrap-->\n\n\t\t\t[\/vc_column][\/vc_row]\n","protected":false},"excerpt":{"rendered":"<p>[vc_row type=&#8220;in_container&#8220; full_screen_row_position=&#8220;middle&#8220; column_margin=&#8220;default&#8220; column_direction=&#8220;default&#8220; column_direction_tablet=&#8220;default&#8220; column_direction_phone=&#8220;default&#8220; scene_position=&#8220;center&#8220; text_color=&#8220;dark&#8220; text_align=&#8220;left&#8220; row_border_radius=&#8220;none&#8220; row_border_radius_applies=&#8220;bg&#8220; overlay_strength=&#8220;0.3&#8243; gradient_direction=&#8220;left_to_right&#8220; shape_divider_position=&#8220;bottom&#8220; bg_image_animation=&#8220;none&#8220;][vc_column column_padding=&#8220;no-extra-padding&#8220; column_padding_tablet=&#8220;inherit&#8220; column_padding_phone=&#8220;inherit&#8220; column_padding_position=&#8220;all&#8220; column_element_spacing=&#8220;default&#8220; background_color_opacity=&#8220;1&#8243; background_hover_color_opacity=&#8220;1&#8243; column_shadow=&#8220;none&#8220; column_border_radius=&#8220;none&#8220;&#8230;<\/p>\n","protected":false},"author":1,"featured_media":0,"parent":0,"menu_order":0,"comment_status":"closed","ping_status":"closed","template":"","meta":{"footnotes":""},"class_list":["post-3886","page","type-page","status-publish"],"yoast_head":"<!-- This site is optimized with the Yoast SEO Premium plugin v22.7 (Yoast SEO v27.4) - https:\/\/yoast.com\/product\/yoast-seo-premium-wordpress\/ -->\n<title>Rechteckige kachel\u00f6fen - Gabriel kakelugnar<\/title>\n<meta name=\"description\" content=\"Reisen Sie durch die Zeit und stellen Sie sich handbemalte Tapeten, rustikale B\u00f6den und den Duft von gegrillten \u00c4pfeln vor.\" \/>\n<meta name=\"robots\" content=\"index, follow, max-snippet:-1, max-image-preview:large, max-video-preview:-1\" \/>\n<link rel=\"canonical\" href=\"https:\/\/gabrielkakelugnar.com\/de\/rechteckige-kachelofen\/\" \/>\n<meta property=\"og:locale\" content=\"de_DE\" \/>\n<meta property=\"og:type\" content=\"article\" \/>\n<meta property=\"og:title\" content=\"Rechteckige kachel\u00f6fen\" \/>\n<meta property=\"og:description\" content=\"Reisen Sie durch die Zeit und stellen Sie sich handbemalte Tapeten, rustikale B\u00f6den und den Duft von gegrillten \u00c4pfeln vor.\" \/>\n<meta property=\"og:url\" content=\"https:\/\/gabrielkakelugnar.com\/de\/rechteckige-kachelofen\/\" \/>\n<meta property=\"og:site_name\" content=\"Gabriel kakelugnar\" \/>\n<meta property=\"article:modified_time\" content=\"2023-06-28T11:50:22+00:00\" \/>\n<meta name=\"twitter:card\" content=\"summary_large_image\" \/>\n<meta name=\"twitter:label1\" content=\"Gesch\u00e4tzte Lesezeit\" \/>\n\t<meta name=\"twitter:data1\" content=\"1\u00a0Minute\" \/>\n<script type=\"application\/ld+json\" class=\"yoast-schema-graph\">{\"@context\":\"https:\\\/\\\/schema.org\",\"@graph\":[{\"@type\":\"WebPage\",\"@id\":\"https:\\\/\\\/gabrielkakelugnar.com\\\/de\\\/rechteckige-kachelofen\\\/\",\"url\":\"https:\\\/\\\/gabrielkakelugnar.com\\\/de\\\/rechteckige-kachelofen\\\/\",\"name\":\"Rechteckige kachel\u00f6fen - Gabriel kakelugnar\",\"isPartOf\":{\"@id\":\"https:\\\/\\\/gabrielkakelugnar.com\\\/#website\"},\"datePublished\":\"2021-03-16T09:14:23+00:00\",\"dateModified\":\"2023-06-28T11:50:22+00:00\",\"description\":\"Reisen Sie durch die Zeit und stellen Sie sich handbemalte Tapeten, rustikale B\u00f6den und den Duft von gegrillten \u00c4pfeln vor.\",\"breadcrumb\":{\"@id\":\"https:\\\/\\\/gabrielkakelugnar.com\\\/de\\\/rechteckige-kachelofen\\\/#breadcrumb\"},\"inLanguage\":\"de\",\"potentialAction\":[{\"@type\":\"ReadAction\",\"target\":[\"https:\\\/\\\/gabrielkakelugnar.com\\\/de\\\/rechteckige-kachelofen\\\/\"]}]},{\"@type\":\"BreadcrumbList\",\"@id\":\"https:\\\/\\\/gabrielkakelugnar.com\\\/de\\\/rechteckige-kachelofen\\\/#breadcrumb\",\"itemListElement\":[{\"@type\":\"ListItem\",\"position\":1,\"name\":\"Hem\",\"item\":\"https:\\\/\\\/gabrielkakelugnar.com\\\/de\\\/\"},{\"@type\":\"ListItem\",\"position\":2,\"name\":\"Rechteckige kachel\u00f6fen\"}]},{\"@type\":\"WebSite\",\"@id\":\"https:\\\/\\\/gabrielkakelugnar.com\\\/#website\",\"url\":\"https:\\\/\\\/gabrielkakelugnar.com\\\/\",\"name\":\"Gabriel kakelugnar\",\"description\":\"Warmth through generations\",\"publisher\":{\"@id\":\"https:\\\/\\\/gabrielkakelugnar.com\\\/#organization\"},\"potentialAction\":[{\"@type\":\"SearchAction\",\"target\":{\"@type\":\"EntryPoint\",\"urlTemplate\":\"https:\\\/\\\/gabrielkakelugnar.com\\\/?s={search_term_string}\"},\"query-input\":{\"@type\":\"PropertyValueSpecification\",\"valueRequired\":true,\"valueName\":\"search_term_string\"}}],\"inLanguage\":\"de\"},{\"@type\":\"Organization\",\"@id\":\"https:\\\/\\\/gabrielkakelugnar.com\\\/#organization\",\"name\":\"GABRIEL KAKELUGNAR AB\",\"url\":\"https:\\\/\\\/gabrielkakelugnar.com\\\/\",\"logo\":{\"@type\":\"ImageObject\",\"inLanguage\":\"de\",\"@id\":\"https:\\\/\\\/gabrielkakelugnar.com\\\/#\\\/schema\\\/logo\\\/image\\\/\",\"url\":\"https:\\\/\\\/gabrielkakelugnar.com\\\/wp-content\\\/uploads\\\/2021\\\/05\\\/Gabriel-Logotype.png\",\"contentUrl\":\"https:\\\/\\\/gabrielkakelugnar.com\\\/wp-content\\\/uploads\\\/2021\\\/05\\\/Gabriel-Logotype.png\",\"width\":1065,\"height\":801,\"caption\":\"GABRIEL KAKELUGNAR AB\"},\"image\":{\"@id\":\"https:\\\/\\\/gabrielkakelugnar.com\\\/#\\\/schema\\\/logo\\\/image\\\/\"}}]}<\/script>\n<!-- \/ Yoast SEO Premium plugin. -->","yoast_head_json":{"title":"Rechteckige kachel\u00f6fen - Gabriel kakelugnar","description":"Reisen Sie durch die Zeit und stellen Sie sich handbemalte Tapeten, rustikale B\u00f6den und den Duft von gegrillten \u00c4pfeln vor.","robots":{"index":"index","follow":"follow","max-snippet":"max-snippet:-1","max-image-preview":"max-image-preview:large","max-video-preview":"max-video-preview:-1"},"canonical":"https:\/\/gabrielkakelugnar.com\/de\/rechteckige-kachelofen\/","og_locale":"de_DE","og_type":"article","og_title":"Rechteckige kachel\u00f6fen","og_description":"Reisen Sie durch die Zeit und stellen Sie sich handbemalte Tapeten, rustikale B\u00f6den und den Duft von gegrillten \u00c4pfeln vor.","og_url":"https:\/\/gabrielkakelugnar.com\/de\/rechteckige-kachelofen\/","og_site_name":"Gabriel kakelugnar","article_modified_time":"2023-06-28T11:50:22+00:00","twitter_card":"summary_large_image","twitter_misc":{"Gesch\u00e4tzte Lesezeit":"1\u00a0Minute"},"schema":{"@context":"https:\/\/schema.org","@graph":[{"@type":"WebPage","@id":"https:\/\/gabrielkakelugnar.com\/de\/rechteckige-kachelofen\/","url":"https:\/\/gabrielkakelugnar.com\/de\/rechteckige-kachelofen\/","name":"Rechteckige kachel\u00f6fen - Gabriel kakelugnar","isPartOf":{"@id":"https:\/\/gabrielkakelugnar.com\/#website"},"datePublished":"2021-03-16T09:14:23+00:00","dateModified":"2023-06-28T11:50:22+00:00","description":"Reisen Sie durch die Zeit und stellen Sie sich handbemalte Tapeten, rustikale B\u00f6den und den Duft von gegrillten \u00c4pfeln vor.","breadcrumb":{"@id":"https:\/\/gabrielkakelugnar.com\/de\/rechteckige-kachelofen\/#breadcrumb"},"inLanguage":"de","potentialAction":[{"@type":"ReadAction","target":["https:\/\/gabrielkakelugnar.com\/de\/rechteckige-kachelofen\/"]}]},{"@type":"BreadcrumbList","@id":"https:\/\/gabrielkakelugnar.com\/de\/rechteckige-kachelofen\/#breadcrumb","itemListElement":[{"@type":"ListItem","position":1,"name":"Hem","item":"https:\/\/gabrielkakelugnar.com\/de\/"},{"@type":"ListItem","position":2,"name":"Rechteckige kachel\u00f6fen"}]},{"@type":"WebSite","@id":"https:\/\/gabrielkakelugnar.com\/#website","url":"https:\/\/gabrielkakelugnar.com\/","name":"Gabriel kakelugnar","description":"Warmth through generations","publisher":{"@id":"https:\/\/gabrielkakelugnar.com\/#organization"},"potentialAction":[{"@type":"SearchAction","target":{"@type":"EntryPoint","urlTemplate":"https:\/\/gabrielkakelugnar.com\/?s={search_term_string}"},"query-input":{"@type":"PropertyValueSpecification","valueRequired":true,"valueName":"search_term_string"}}],"inLanguage":"de"},{"@type":"Organization","@id":"https:\/\/gabrielkakelugnar.com\/#organization","name":"GABRIEL KAKELUGNAR AB","url":"https:\/\/gabrielkakelugnar.com\/","logo":{"@type":"ImageObject","inLanguage":"de","@id":"https:\/\/gabrielkakelugnar.com\/#\/schema\/logo\/image\/","url":"https:\/\/gabrielkakelugnar.com\/wp-content\/uploads\/2021\/05\/Gabriel-Logotype.png","contentUrl":"https:\/\/gabrielkakelugnar.com\/wp-content\/uploads\/2021\/05\/Gabriel-Logotype.png","width":1065,"height":801,"caption":"GABRIEL KAKELUGNAR AB"},"image":{"@id":"https:\/\/gabrielkakelugnar.com\/#\/schema\/logo\/image\/"}}]}},"_links":{"self":[{"href":"https:\/\/gabrielkakelugnar.com\/de\/wp-json\/wp\/v2\/pages\/3886","targetHints":{"allow":["GET"]}}],"collection":[{"href":"https:\/\/gabrielkakelugnar.com\/de\/wp-json\/wp\/v2\/pages"}],"about":[{"href":"https:\/\/gabrielkakelugnar.com\/de\/wp-json\/wp\/v2\/types\/page"}],"author":[{"embeddable":true,"href":"https:\/\/gabrielkakelugnar.com\/de\/wp-json\/wp\/v2\/users\/1"}],"replies":[{"embeddable":true,"href":"https:\/\/gabrielkakelugnar.com\/de\/wp-json\/wp\/v2\/comments?post=3886"}],"version-history":[{"count":3,"href":"https:\/\/gabrielkakelugnar.com\/de\/wp-json\/wp\/v2\/pages\/3886\/revisions"}],"predecessor-version":[{"id":5293,"href":"https:\/\/gabrielkakelugnar.com\/de\/wp-json\/wp\/v2\/pages\/3886\/revisions\/5293"}],"wp:attachment":[{"href":"https:\/\/gabrielkakelugnar.com\/de\/wp-json\/wp\/v2\/media?parent=3886"}],"curies":[{"name":"wp","href":"https:\/\/api.w.org\/{rel}","templated":true}]}}