{"id":3282,"date":"2021-03-24T10:32:07","date_gmt":"2021-03-24T10:32:07","guid":{"rendered":"https:\/\/gabrielkakelugnar.com\/hitta-aterforsaljare\/"},"modified":"2024-04-08T10:03:13","modified_gmt":"2024-04-08T10:03:13","slug":"find-your-gabriel-dealer","status":"publish","type":"page","link":"https:\/\/gabrielkakelugnar.com\/en\/find-your-gabriel-dealer\/","title":{"rendered":"Find your Gabriel dealer"},"content":{"rendered":"[vc_row type=&#8221;full_width_background&#8221; full_screen_row_position=&#8221;middle&#8221; column_margin=&#8221;default&#8221; equal_height=&#8221;yes&#8221; content_placement=&#8221;bottom&#8221; column_direction=&#8221;default&#8221; column_direction_tablet=&#8221;default&#8221; column_direction_phone=&#8221;default&#8221; video_bg=&#8221;use_video&#8221; video_mp4=&#8221;https:\/\/gabrielkakelugnar.com\/wp-content\/uploads\/2021\/03\/Gabriel-header-web-230321.mp4&#8243; scene_position=&#8221;center&#8221; top_padding=&#8221;8%&#8221; bottom_padding=&#8221;8%&#8221; text_color=&#8221;light&#8221; text_align=&#8221;left&#8221; row_border_radius=&#8221;none&#8221; row_border_radius_applies=&#8221;bg&#8221; color_overlay=&#8221;#d8b97f&#8221; overlay_strength=&#8221;0.8&#8243; gradient_direction=&#8221;left_to_right&#8221; shape_divider_position=&#8221;bottom&#8221; shape_divider_height=&#8221;350&#8243; bg_image_animation=&#8221;none&#8221; parallax_bg=&#8221;true&#8221; parallax_bg_speed=&#8221;fast&#8221; shape_type=&#8221;mountains&#8221;][vc_column column_padding=&#8221;no-extra-padding&#8221; column_padding_tablet=&#8221;inherit&#8221; column_padding_phone=&#8221;inherit&#8221; column_padding_position=&#8221;all&#8221; column_element_spacing=&#8221;default&#8221; background_color_opacity=&#8221;1&#8243; background_hover_color_opacity=&#8221;1&#8243; column_shadow=&#8221;none&#8221; column_border_radius=&#8221;none&#8221; column_link_target=&#8221;_self&#8221; gradient_direction=&#8221;left_to_right&#8221; overlay_strength=&#8221;0.3&#8243; width=&#8221;1\/2&#8243; tablet_width_inherit=&#8221;default&#8221; tablet_text_alignment=&#8221;default&#8221; phone_text_alignment=&#8221;default&#8221; bg_image_animation=&#8221;none&#8221; border_type=&#8221;simple&#8221; column_border_width=&#8221;none&#8221; column_border_style=&#8221;solid&#8221;][vc_row_inner column_margin=&#8221;default&#8221; column_direction=&#8221;default&#8221; column_direction_tablet=&#8221;default&#8221; column_direction_phone=&#8221;default&#8221; text_align=&#8221;left&#8221;][vc_column_inner column_padding=&#8221;no-extra-padding&#8221; column_padding_tablet=&#8221;inherit&#8221; column_padding_phone=&#8221;inherit&#8221; column_padding_position=&#8221;all&#8221; column_element_spacing=&#8221;default&#8221; background_color_opacity=&#8221;1&#8243; background_hover_color_opacity=&#8221;1&#8243; column_shadow=&#8221;none&#8221; column_border_radius=&#8221;none&#8221; column_link_target=&#8221;_self&#8221; gradient_direction=&#8221;left_to_right&#8221; overlay_strength=&#8221;0.3&#8243; width=&#8221;1\/1&#8243; tablet_width_inherit=&#8221;default&#8221; bg_image_animation=&#8221;none&#8221; border_type=&#8221;simple&#8221; column_border_width=&#8221;none&#8221; column_border_style=&#8221;solid&#8221;][vc_column_text max_width=&#8221;400&#8243;][\/vc_column_text][\/vc_column_inner][\/vc_row_inner][\/vc_column][vc_column column_padding=&#8221;no-extra-padding&#8221; column_padding_tablet=&#8221;inherit&#8221; column_padding_phone=&#8221;inherit&#8221; column_padding_position=&#8221;all&#8221; column_element_spacing=&#8221;default&#8221; background_color_opacity=&#8221;1&#8243; background_hover_color_opacity=&#8221;1&#8243; column_shadow=&#8221;none&#8221; column_border_radius=&#8221;none&#8221; column_link_target=&#8221;_self&#8221; gradient_direction=&#8221;left_to_right&#8221; overlay_strength=&#8221;0.3&#8243; width=&#8221;1\/2&#8243; tablet_width_inherit=&#8221;default&#8221; tablet_text_alignment=&#8221;default&#8221; phone_text_alignment=&#8221;default&#8221; bg_image_animation=&#8221;none&#8221; border_type=&#8221;simple&#8221; column_border_width=&#8221;none&#8221; column_border_style=&#8221;solid&#8221;][vc_row_inner column_margin=&#8221;default&#8221; column_direction=&#8221;default&#8221; column_direction_tablet=&#8221;default&#8221; column_direction_phone=&#8221;default&#8221; text_align=&#8221;left&#8221;][vc_column_inner column_padding=&#8221;no-extra-padding&#8221; column_padding_tablet=&#8221;inherit&#8221; column_padding_phone=&#8221;inherit&#8221; column_padding_position=&#8221;all&#8221; column_element_spacing=&#8221;default&#8221; background_color_opacity=&#8221;1&#8243; background_hover_color_opacity=&#8221;1&#8243; column_shadow=&#8221;none&#8221; column_border_radius=&#8221;none&#8221; column_link_target=&#8221;_self&#8221; gradient_direction=&#8221;left_to_right&#8221; overlay_strength=&#8221;0.3&#8243; width=&#8221;1\/2&#8243; tablet_width_inherit=&#8221;default&#8221; bg_image_animation=&#8221;none&#8221; border_type=&#8221;simple&#8221; column_border_width=&#8221;none&#8221; column_border_style=&#8221;solid&#8221;][\/vc_column_inner][\/vc_row_inner][\/vc_column][\/vc_row][vc_row type=&#8221;in_container&#8221; full_screen_row_position=&#8221;middle&#8221; column_margin=&#8221;default&#8221; column_direction=&#8221;default&#8221; column_direction_tablet=&#8221;default&#8221; column_direction_phone=&#8221;default&#8221; scene_position=&#8221;center&#8221; text_color=&#8221;dark&#8221; text_align=&#8221;left&#8221; row_border_radius=&#8221;none&#8221; row_border_radius_applies=&#8221;bg&#8221; overlay_strength=&#8221;0.3&#8243; gradient_direction=&#8221;left_to_right&#8221; shape_divider_position=&#8221;bottom&#8221; bg_image_animation=&#8221;none&#8221;][vc_column column_padding=&#8221;no-extra-padding&#8221; column_padding_tablet=&#8221;inherit&#8221; column_padding_phone=&#8221;inherit&#8221; column_padding_position=&#8221;all&#8221; column_element_spacing=&#8221;default&#8221; background_color_opacity=&#8221;1&#8243; background_hover_color_opacity=&#8221;1&#8243; column_shadow=&#8221;none&#8221; column_border_radius=&#8221;none&#8221; column_link_target=&#8221;_self&#8221; gradient_direction=&#8221;left_to_right&#8221; overlay_strength=&#8221;0.3&#8243; width=&#8221;1\/1&#8243; tablet_width_inherit=&#8221;default&#8221; tablet_text_alignment=&#8221;default&#8221; phone_text_alignment=&#8221;default&#8221; bg_image_animation=&#8221;none&#8221; border_type=&#8221;simple&#8221; column_border_width=&#8221;none&#8221; column_border_style=&#8221;solid&#8221;][divider line_type=&#8221;No Line&#8221; custom_height=&#8221;50&#8243;][\/vc_column][\/vc_row][vc_row type=&#8221;in_container&#8221; full_screen_row_position=&#8221;middle&#8221; column_margin=&#8221;default&#8221; column_direction=&#8221;default&#8221; column_direction_tablet=&#8221;default&#8221; column_direction_phone=&#8221;default&#8221; scene_position=&#8221;center&#8221; text_color=&#8221;dark&#8221; text_align=&#8221;left&#8221; row_border_radius=&#8221;none&#8221; row_border_radius_applies=&#8221;bg&#8221; overlay_strength=&#8221;0.3&#8243; gradient_direction=&#8221;left_to_right&#8221; shape_divider_position=&#8221;bottom&#8221; bg_image_animation=&#8221;none&#8221;][vc_column column_padding=&#8221;no-extra-padding&#8221; column_padding_tablet=&#8221;inherit&#8221; column_padding_phone=&#8221;inherit&#8221; column_padding_position=&#8221;all&#8221; column_element_spacing=&#8221;default&#8221; background_color_opacity=&#8221;1&#8243; background_hover_color_opacity=&#8221;1&#8243; column_shadow=&#8221;none&#8221; column_border_radius=&#8221;none&#8221; column_link_target=&#8221;_self&#8221; gradient_direction=&#8221;left_to_right&#8221; overlay_strength=&#8221;0.3&#8243; width=&#8221;1\/1&#8243; tablet_width_inherit=&#8221;default&#8221; tablet_text_alignment=&#8221;default&#8221; phone_text_alignment=&#8221;default&#8221; bg_image_animation=&#8221;none&#8221; border_type=&#8221;simple&#8221; column_border_width=&#8221;none&#8221; column_border_style=&#8221;solid&#8221;][image_with_animation image_url=&#8221;1188&#8243; animation=&#8221;Fade In&#8221; hover_animation=&#8221;none&#8221; alignment=&#8221;center&#8221; border_radius=&#8221;none&#8221; box_shadow=&#8221;none&#8221; image_loading=&#8221;default&#8221; max_width=&#8221;100%&#8221; max_width_mobile=&#8221;default&#8221;][vc_custom_heading text=&#8221;FIND YOUR NEAREST GABRIEL DEALER&#8221; font_container=&#8221;tag:h1|font_size:18|text_align:center|color:%23002561&#8243; use_theme_fonts=&#8221;yes&#8221;][vc_column_text]\n<p style=\"text-align: center;\"><span style=\"color: #003366;\">To find dealers in your area, enter your city or location (where you live) in the field below and click on Search.<br \/>\nZoom the map in or out for more details.\u00a0<\/span><\/p>\n[\/vc_column_text][\/vc_column][\/vc_row][vc_row type=&#8221;in_container&#8221; full_screen_row_position=&#8221;middle&#8221; column_margin=&#8221;default&#8221; column_direction=&#8221;default&#8221; column_direction_tablet=&#8221;default&#8221; column_direction_phone=&#8221;default&#8221; scene_position=&#8221;center&#8221; text_color=&#8221;dark&#8221; text_align=&#8221;left&#8221; row_border_radius=&#8221;none&#8221; row_border_radius_applies=&#8221;bg&#8221; overlay_strength=&#8221;0.3&#8243; gradient_direction=&#8221;left_to_right&#8221; shape_divider_position=&#8221;bottom&#8221; bg_image_animation=&#8221;none&#8221;][vc_column column_padding=&#8221;no-extra-padding&#8221; column_padding_tablet=&#8221;inherit&#8221; column_padding_phone=&#8221;inherit&#8221; column_padding_position=&#8221;all&#8221; column_element_spacing=&#8221;default&#8221; background_color_opacity=&#8221;1&#8243; background_hover_color_opacity=&#8221;1&#8243; column_shadow=&#8221;none&#8221; column_border_radius=&#8221;none&#8221; column_link_target=&#8221;_self&#8221; gradient_direction=&#8221;left_to_right&#8221; overlay_strength=&#8221;0.3&#8243; width=&#8221;1\/1&#8243; tablet_width_inherit=&#8221;default&#8221; tablet_text_alignment=&#8221;default&#8221; phone_text_alignment=&#8221;default&#8221; bg_image_animation=&#8221;none&#8221; border_type=&#8221;simple&#8221; column_border_width=&#8221;none&#8221; column_border_style=&#8221;solid&#8221;][divider line_type=&#8221;No Line&#8221; custom_height=&#8221;50&#8243;][vc_column_text]<style>\r\n\t#wpsl-stores .wpsl-store-thumb {height:45px !important; width:45px !important;}\r\n\t#wpsl-stores, #wpsl-direction-details, #wpsl-gmap {height:500px !important;}\r\n\t#wpsl-gmap .wpsl-info-window {max-width:225px !important;}\r\n\t.wpsl-input label, #wpsl-radius label, #wpsl-category label {width:100px;}\r\n\t#wpsl-search-input  {width:300px;}\r\n<\/style>\r\n<div id=\"wpsl-wrap\" class=\"wpsl-store-below\">\r\n\t<div class=\"wpsl-search wpsl-clearfix wpsl-no-filters\">\r\n\t\t<div id=\"wpsl-search-wrap\">\r\n\t\t\t<form autocomplete=\"off\">\r\n\t\t\t<div class=\"wpsl-input\">\r\n\t\t\t\t<div><label for=\"wpsl-search-input\">Your location<\/label><\/div>\r\n\t\t\t\t<input id=\"wpsl-search-input\" type=\"text\" value=\"\" name=\"wpsl-search-input\" placeholder=\"\" aria-required=\"true\" \/>\r\n\t\t\t<\/div>\r\n\t\t\t\t<div class=\"wpsl-search-btn-wrap\"><input id=\"wpsl-search-btn\" type=\"submit\" value=\"Search\"><\/div>\r\n\t\t<\/form>\r\n\t\t<\/div>\r\n\t<\/div>\r\n\t<div class=\"wpsl-gmap-wrap\">\r\n\t\t<div id=\"wpsl-gmap\" class=\"wpsl-gmap-canvas\"><\/div>\r\n\t<\/div>\r\n\t<div id=\"wpsl-result-list\">\r\n\t\t<div id=\"wpsl-stores\" >\r\n\t\t\t<ul><\/ul>\r\n\t\t<\/div>\r\n\t\t<div id=\"wpsl-direction-details\">\r\n\t\t\t<ul><\/ul>\r\n\t\t<\/div>\r\n\t<\/div>\r\n<\/div>\r\n[\/vc_column_text][\/vc_column][\/vc_row][vc_row type=&#8221;in_container&#8221; full_screen_row_position=&#8221;middle&#8221; column_margin=&#8221;default&#8221; column_direction=&#8221;default&#8221; column_direction_tablet=&#8221;default&#8221; column_direction_phone=&#8221;default&#8221; scene_position=&#8221;center&#8221; text_color=&#8221;dark&#8221; text_align=&#8221;left&#8221; row_border_radius=&#8221;none&#8221; row_border_radius_applies=&#8221;bg&#8221; overlay_strength=&#8221;0.3&#8243; gradient_direction=&#8221;left_to_right&#8221; shape_divider_position=&#8221;bottom&#8221; bg_image_animation=&#8221;none&#8221;][vc_column column_padding=&#8221;no-extra-padding&#8221; column_padding_tablet=&#8221;inherit&#8221; column_padding_phone=&#8221;inherit&#8221; column_padding_position=&#8221;all&#8221; column_element_spacing=&#8221;default&#8221; background_color_opacity=&#8221;1&#8243; background_hover_color_opacity=&#8221;1&#8243; column_shadow=&#8221;none&#8221; column_border_radius=&#8221;none&#8221; column_link_target=&#8221;_self&#8221; gradient_direction=&#8221;left_to_right&#8221; overlay_strength=&#8221;0.3&#8243; width=&#8221;1\/1&#8243; tablet_width_inherit=&#8221;default&#8221; tablet_text_alignment=&#8221;default&#8221; phone_text_alignment=&#8221;default&#8221; bg_image_animation=&#8221;none&#8221; border_type=&#8221;simple&#8221; column_border_width=&#8221;none&#8221; column_border_style=&#8221;solid&#8221;][divider line_type=&#8221;No Line&#8221; custom_height=&#8221;50&#8243;][\/vc_column][\/vc_row]\n","protected":false},"excerpt":{"rendered":"<p>[vc_row type=&#8221;full_width_background&#8221; full_screen_row_position=&#8221;middle&#8221; column_margin=&#8221;default&#8221; equal_height=&#8221;yes&#8221; content_placement=&#8221;bottom&#8221; column_direction=&#8221;default&#8221; column_direction_tablet=&#8221;default&#8221; column_direction_phone=&#8221;default&#8221; video_bg=&#8221;use_video&#8221; video_mp4=&#8221;https:\/\/gabrielkakelugnar.com\/wp-content\/uploads\/2021\/03\/Gabriel-header-web-230321.mp4&#8243; scene_position=&#8221;center&#8221; top_padding=&#8221;8%&#8221; bottom_padding=&#8221;8%&#8221; text_color=&#8221;light&#8221; text_align=&#8221;left&#8221; row_border_radius=&#8221;none&#8221; row_border_radius_applies=&#8221;bg&#8221; color_overlay=&#8221;#d8b97f&#8221; overlay_strength=&#8221;0.8&#8243; gradient_direction=&#8221;left_to_right&#8221; shape_divider_position=&#8221;bottom&#8221; shape_divider_height=&#8221;350&#8243; bg_image_animation=&#8221;none&#8221; parallax_bg=&#8221;true&#8221;&#8230;<\/p>\n","protected":false},"author":1,"featured_media":0,"parent":0,"menu_order":0,"comment_status":"closed","ping_status":"closed","template":"","meta":{"footnotes":""},"class_list":["post-3282","page","type-page","status-publish"],"yoast_head":"<!-- This site is optimized with the Yoast SEO Premium plugin v22.7 (Yoast SEO v27.4) - https:\/\/yoast.com\/product\/yoast-seo-premium-wordpress\/ -->\n<title>Find your Gabriel dealer - Gabriel Tiled Stoves<\/title>\n<meta name=\"description\" content=\"K\u00f6p en kakelugn fr\u00e5n Gabriel Kakelugnar! V\u00e5ra kakelugnar har tagit hela v\u00e4rlden med storm och du hittar \u00e5terf\u00f6rs\u00e4ljare i hela Europa. V\u00e4lkommen in!\" \/>\n<meta name=\"robots\" content=\"index, follow, max-snippet:-1, max-image-preview:large, max-video-preview:-1\" \/>\n<link rel=\"canonical\" href=\"https:\/\/gabrielkakelugnar.com\/en\/find-your-gabriel-dealer\/\" \/>\n<meta property=\"og:locale\" content=\"en_US\" \/>\n<meta property=\"og:type\" content=\"article\" \/>\n<meta property=\"og:title\" content=\"Find your Gabriel dealer\" \/>\n<meta property=\"og:description\" content=\"K\u00f6p en kakelugn fr\u00e5n Gabriel Kakelugnar! V\u00e5ra kakelugnar har tagit hela v\u00e4rlden med storm och du hittar \u00e5terf\u00f6rs\u00e4ljare i hela Europa. V\u00e4lkommen in!\" \/>\n<meta property=\"og:url\" content=\"https:\/\/gabrielkakelugnar.com\/en\/find-your-gabriel-dealer\/\" \/>\n<meta property=\"og:site_name\" content=\"Gabriel kakelugnar\" \/>\n<meta property=\"article:modified_time\" content=\"2024-04-08T10:03:13+00:00\" \/>\n<meta name=\"twitter:card\" content=\"summary_large_image\" \/>\n<meta name=\"twitter:label1\" content=\"Est. reading time\" \/>\n\t<meta name=\"twitter:data1\" content=\"2 minutes\" \/>\n<script type=\"application\/ld+json\" class=\"yoast-schema-graph\">{\"@context\":\"https:\\\/\\\/schema.org\",\"@graph\":[{\"@type\":\"WebPage\",\"@id\":\"https:\\\/\\\/gabrielkakelugnar.com\\\/en\\\/find-your-gabriel-dealer\\\/\",\"url\":\"https:\\\/\\\/gabrielkakelugnar.com\\\/en\\\/find-your-gabriel-dealer\\\/\",\"name\":\"Find your Gabriel dealer - Gabriel Tiled Stoves\",\"isPartOf\":{\"@id\":\"https:\\\/\\\/gabrielkakelugnar.com\\\/#website\"},\"datePublished\":\"2021-03-24T10:32:07+00:00\",\"dateModified\":\"2024-04-08T10:03:13+00:00\",\"description\":\"K\u00f6p en kakelugn fr\u00e5n Gabriel Kakelugnar! V\u00e5ra kakelugnar har tagit hela v\u00e4rlden med storm och du hittar \u00e5terf\u00f6rs\u00e4ljare i hela Europa. V\u00e4lkommen in!\",\"breadcrumb\":{\"@id\":\"https:\\\/\\\/gabrielkakelugnar.com\\\/en\\\/find-your-gabriel-dealer\\\/#breadcrumb\"},\"inLanguage\":\"en-US\",\"potentialAction\":[{\"@type\":\"ReadAction\",\"target\":[\"https:\\\/\\\/gabrielkakelugnar.com\\\/en\\\/find-your-gabriel-dealer\\\/\"]}]},{\"@type\":\"BreadcrumbList\",\"@id\":\"https:\\\/\\\/gabrielkakelugnar.com\\\/en\\\/find-your-gabriel-dealer\\\/#breadcrumb\",\"itemListElement\":[{\"@type\":\"ListItem\",\"position\":1,\"name\":\"Hem\",\"item\":\"https:\\\/\\\/gabrielkakelugnar.com\\\/en\\\/\"},{\"@type\":\"ListItem\",\"position\":2,\"name\":\"Find your Gabriel dealer\"}]},{\"@type\":\"WebSite\",\"@id\":\"https:\\\/\\\/gabrielkakelugnar.com\\\/#website\",\"url\":\"https:\\\/\\\/gabrielkakelugnar.com\\\/\",\"name\":\"Gabriel kakelugnar\",\"description\":\"Warmth through generations\",\"publisher\":{\"@id\":\"https:\\\/\\\/gabrielkakelugnar.com\\\/#organization\"},\"potentialAction\":[{\"@type\":\"SearchAction\",\"target\":{\"@type\":\"EntryPoint\",\"urlTemplate\":\"https:\\\/\\\/gabrielkakelugnar.com\\\/?s={search_term_string}\"},\"query-input\":{\"@type\":\"PropertyValueSpecification\",\"valueRequired\":true,\"valueName\":\"search_term_string\"}}],\"inLanguage\":\"en-US\"},{\"@type\":\"Organization\",\"@id\":\"https:\\\/\\\/gabrielkakelugnar.com\\\/#organization\",\"name\":\"GABRIEL KAKELUGNAR AB\",\"url\":\"https:\\\/\\\/gabrielkakelugnar.com\\\/\",\"logo\":{\"@type\":\"ImageObject\",\"inLanguage\":\"en-US\",\"@id\":\"https:\\\/\\\/gabrielkakelugnar.com\\\/#\\\/schema\\\/logo\\\/image\\\/\",\"url\":\"https:\\\/\\\/gabrielkakelugnar.com\\\/wp-content\\\/uploads\\\/2021\\\/05\\\/Gabriel-Logotype.png\",\"contentUrl\":\"https:\\\/\\\/gabrielkakelugnar.com\\\/wp-content\\\/uploads\\\/2021\\\/05\\\/Gabriel-Logotype.png\",\"width\":1065,\"height\":801,\"caption\":\"GABRIEL KAKELUGNAR AB\"},\"image\":{\"@id\":\"https:\\\/\\\/gabrielkakelugnar.com\\\/#\\\/schema\\\/logo\\\/image\\\/\"}}]}<\/script>\n<!-- \/ Yoast SEO Premium plugin. -->","yoast_head_json":{"title":"Find your Gabriel dealer - Gabriel Tiled Stoves","description":"K\u00f6p en kakelugn fr\u00e5n Gabriel Kakelugnar! V\u00e5ra kakelugnar har tagit hela v\u00e4rlden med storm och du hittar \u00e5terf\u00f6rs\u00e4ljare i hela Europa. V\u00e4lkommen in!","robots":{"index":"index","follow":"follow","max-snippet":"max-snippet:-1","max-image-preview":"max-image-preview:large","max-video-preview":"max-video-preview:-1"},"canonical":"https:\/\/gabrielkakelugnar.com\/en\/find-your-gabriel-dealer\/","og_locale":"en_US","og_type":"article","og_title":"Find your Gabriel dealer","og_description":"K\u00f6p en kakelugn fr\u00e5n Gabriel Kakelugnar! V\u00e5ra kakelugnar har tagit hela v\u00e4rlden med storm och du hittar \u00e5terf\u00f6rs\u00e4ljare i hela Europa. V\u00e4lkommen in!","og_url":"https:\/\/gabrielkakelugnar.com\/en\/find-your-gabriel-dealer\/","og_site_name":"Gabriel kakelugnar","article_modified_time":"2024-04-08T10:03:13+00:00","twitter_card":"summary_large_image","twitter_misc":{"Est. reading time":"2 minutes"},"schema":{"@context":"https:\/\/schema.org","@graph":[{"@type":"WebPage","@id":"https:\/\/gabrielkakelugnar.com\/en\/find-your-gabriel-dealer\/","url":"https:\/\/gabrielkakelugnar.com\/en\/find-your-gabriel-dealer\/","name":"Find your Gabriel dealer - Gabriel Tiled Stoves","isPartOf":{"@id":"https:\/\/gabrielkakelugnar.com\/#website"},"datePublished":"2021-03-24T10:32:07+00:00","dateModified":"2024-04-08T10:03:13+00:00","description":"K\u00f6p en kakelugn fr\u00e5n Gabriel Kakelugnar! V\u00e5ra kakelugnar har tagit hela v\u00e4rlden med storm och du hittar \u00e5terf\u00f6rs\u00e4ljare i hela Europa. V\u00e4lkommen in!","breadcrumb":{"@id":"https:\/\/gabrielkakelugnar.com\/en\/find-your-gabriel-dealer\/#breadcrumb"},"inLanguage":"en-US","potentialAction":[{"@type":"ReadAction","target":["https:\/\/gabrielkakelugnar.com\/en\/find-your-gabriel-dealer\/"]}]},{"@type":"BreadcrumbList","@id":"https:\/\/gabrielkakelugnar.com\/en\/find-your-gabriel-dealer\/#breadcrumb","itemListElement":[{"@type":"ListItem","position":1,"name":"Hem","item":"https:\/\/gabrielkakelugnar.com\/en\/"},{"@type":"ListItem","position":2,"name":"Find your Gabriel dealer"}]},{"@type":"WebSite","@id":"https:\/\/gabrielkakelugnar.com\/#website","url":"https:\/\/gabrielkakelugnar.com\/","name":"Gabriel kakelugnar","description":"Warmth through generations","publisher":{"@id":"https:\/\/gabrielkakelugnar.com\/#organization"},"potentialAction":[{"@type":"SearchAction","target":{"@type":"EntryPoint","urlTemplate":"https:\/\/gabrielkakelugnar.com\/?s={search_term_string}"},"query-input":{"@type":"PropertyValueSpecification","valueRequired":true,"valueName":"search_term_string"}}],"inLanguage":"en-US"},{"@type":"Organization","@id":"https:\/\/gabrielkakelugnar.com\/#organization","name":"GABRIEL KAKELUGNAR AB","url":"https:\/\/gabrielkakelugnar.com\/","logo":{"@type":"ImageObject","inLanguage":"en-US","@id":"https:\/\/gabrielkakelugnar.com\/#\/schema\/logo\/image\/","url":"https:\/\/gabrielkakelugnar.com\/wp-content\/uploads\/2021\/05\/Gabriel-Logotype.png","contentUrl":"https:\/\/gabrielkakelugnar.com\/wp-content\/uploads\/2021\/05\/Gabriel-Logotype.png","width":1065,"height":801,"caption":"GABRIEL KAKELUGNAR AB"},"image":{"@id":"https:\/\/gabrielkakelugnar.com\/#\/schema\/logo\/image\/"}}]}},"_links":{"self":[{"href":"https:\/\/gabrielkakelugnar.com\/en\/wp-json\/wp\/v2\/pages\/3282","targetHints":{"allow":["GET"]}}],"collection":[{"href":"https:\/\/gabrielkakelugnar.com\/en\/wp-json\/wp\/v2\/pages"}],"about":[{"href":"https:\/\/gabrielkakelugnar.com\/en\/wp-json\/wp\/v2\/types\/page"}],"author":[{"embeddable":true,"href":"https:\/\/gabrielkakelugnar.com\/en\/wp-json\/wp\/v2\/users\/1"}],"replies":[{"embeddable":true,"href":"https:\/\/gabrielkakelugnar.com\/en\/wp-json\/wp\/v2\/comments?post=3282"}],"version-history":[{"count":5,"href":"https:\/\/gabrielkakelugnar.com\/en\/wp-json\/wp\/v2\/pages\/3282\/revisions"}],"predecessor-version":[{"id":3936,"href":"https:\/\/gabrielkakelugnar.com\/en\/wp-json\/wp\/v2\/pages\/3282\/revisions\/3936"}],"wp:attachment":[{"href":"https:\/\/gabrielkakelugnar.com\/en\/wp-json\/wp\/v2\/media?parent=3282"}],"curies":[{"name":"wp","href":"https:\/\/api.w.org\/{rel}","templated":true}]}}